{"id":1214,"date":"2020-07-01T12:16:43","date_gmt":"2020-07-01T10:16:43","guid":{"rendered":"https:\/\/www.domaene-wachau.at\/?page_id=1214"},"modified":"2024-09-30T08:49:32","modified_gmt":"2024-09-30T06:49:32","slug":"kaufen","status":"publish","type":"page","link":"https:\/\/www.domaene-wachau.at\/de\/kaufen\/","title":{"rendered":"Kaufen"},"content":{"rendered":"\n<style type=\"text\/css\" data-created_by=\"avia_inline_auto\" id=\"style-css-av-ka26qbcx-dbffd0e24d902397747a3a8827e90732\">\n.avia-section.av-ka26qbcx-dbffd0e24d902397747a3a8827e90732{\nbackground-repeat:no-repeat;\nbackground-image:url(https:\/\/www.domaene-wachau.at\/wp-content\/uploads\/2024\/05\/dw-lagenkiste-2022.jpg);\nbackground-position:50% 50%;\nbackground-attachment:fixed;\n}\n<\/style>\n<div id='av_section_1'  class='avia-section av-ka26qbcx-dbffd0e24d902397747a3a8827e90732 alternate_color avia-section-default avia-no-border-styling  avia-builder-el-0  el_before_av_hr  avia-builder-el-first  avia-full-stretch avia-bg-style-fixed av-minimum-height av-minimum-height-100 av-height-100  container_wrap fullsize'  data-section-bg-repeat='stretch' data-av_minimum_height_pc='100' data-av_min_height_opt='100'><div class=\"av-section-color-overlay-wrap\"><a href='#next-section' title='' class='scroll-down-link ' aria-hidden='true' data-av_icon='\ue877' data-av_iconfont='entypo-fontello'><\/a><div class='container av-section-cont-open' ><main  role=\"main\" itemprop=\"mainContentOfPage\"  class='template-page content  av-content-full alpha units'><div class='post-entry post-entry-type-page post-entry-1214'><div class='entry-content-wrapper clearfix'>\n\n\n<style type=\"text\/css\" data-created_by=\"avia_inline_auto\" id=\"style-css-av-kc37jvgg-505d167a24d3dcb0f57f605c6dac6261\">\n#top .av-special-heading.av-kc37jvgg-505d167a24d3dcb0f57f605c6dac6261{\npadding-bottom:10px;\ncolor:#ffffff;\n}\nbody .av-special-heading.av-kc37jvgg-505d167a24d3dcb0f57f605c6dac6261 .av-special-heading-tag .heading-char{\nfont-size:25px;\n}\n.av-special-heading.av-kc37jvgg-505d167a24d3dcb0f57f605c6dac6261 .special-heading-inner-border{\nborder-color:#ffffff;\n}\n.av-special-heading.av-kc37jvgg-505d167a24d3dcb0f57f605c6dac6261 .av-subheading{\nfont-size:15px;\n}\n<\/style>\n<div  class='av-special-heading av-kc37jvgg-505d167a24d3dcb0f57f605c6dac6261 av-special-heading-h1 custom-color-heading blockquote modern-quote modern-centered  avia-builder-el-2  el_after_av_codeblock  avia-builder-el-last  underline_white_bold text-shadow align-left'><h1 class='av-special-heading-tag '  itemprop=\"headline\"  >Kaufen<\/h1><div class=\"special-heading-border\"><div class=\"special-heading-inner-border\"><\/div><\/div><\/div>\n<\/div><\/div><\/main><!-- close content main element --><\/div><\/div><\/div><div id='after_section_1'  class='main_color av_default_container_wrap container_wrap fullsize'  ><div class='container av-section-cont-open' ><div class='template-page content  av-content-full alpha units'><div class='post-entry post-entry-type-page post-entry-1214'><div class='entry-content-wrapper clearfix'>\n<div  class='hr av-3hfit-2470a3a9b020b6a8c4e2065d06315d19 hr-default  avia-builder-el-3  el_after_av_section  el_before_av_layout_row  avia-builder-el-no-sibling '><span class='hr-inner '><span class=\"hr-inner-style\"><\/span><\/span><\/div>\n<\/div><\/div><\/div><!-- close content main div --><\/div><\/div><div id='vinothek'  class='av-layout-grid-container av-ka271tw2-65947ed270bc621598cec378b43b53bd entry-content-wrapper main_color av-flex-cells  avia-builder-el-4  el_after_av_hr  el_before_av_hr  grid-image-left av-cell-min-height av-cell-min-height-75 grid-row-not-first  container_wrap fullsize'   data-av_minimum_height_pc='75'>\n\n<style type=\"text\/css\" data-created_by=\"avia_inline_auto\" id=\"style-css-av-ka26yuzi-663b81fa354b199bf9fc29637cb1c841\">\n.flex_cell.av-ka26yuzi-663b81fa354b199bf9fc29637cb1c841{\nvertical-align:top;\nbackground:url(https:\/\/www.domaene-wachau.at\/wp-content\/uploads\/2020\/09\/20200831_DW-Verkostung_0017.jpg) 50% 50% no-repeat scroll ;\n}\n.responsive #top #wrap_all .flex_cell.av-ka26yuzi-663b81fa354b199bf9fc29637cb1c841{\npadding:30px 30px 30px 30px !important;\n}\n<\/style>\n<div class='flex_cell av-ka26yuzi-663b81fa354b199bf9fc29637cb1c841 av-gridrow-cell av_one_half no_margin  avia-builder-el-5  el_before_av_cell_one_half  avia-builder-el-first  avia-full-stretch'  ><div class='flex_cell_inner'><\/div><\/div>\n<style type=\"text\/css\" data-created_by=\"avia_inline_auto\" id=\"style-css-av-2hkh1-f7fbd13cec3b9b85082abdeb52857a0a\">\n.flex_cell.av-2hkh1-f7fbd13cec3b9b85082abdeb52857a0a{\nvertical-align:middle;\n}\n.responsive #top #wrap_all .flex_cell.av-2hkh1-f7fbd13cec3b9b85082abdeb52857a0a{\npadding:30px 30px 30px 30px !important;\n}\n<\/style>\n<div class='flex_cell av-2hkh1-f7fbd13cec3b9b85082abdeb52857a0a av-gridrow-cell av_one_half no_margin  avia-builder-el-6  el_after_av_cell_one_half  avia-builder-el-last '  ><div class='flex_cell_inner'><p>\n<style type=\"text\/css\" data-created_by=\"avia_inline_auto\" id=\"style-css-av-7thcbi-f8082f823f2e7f69f75ed7b595385492\">\n#top .av-special-heading.av-7thcbi-f8082f823f2e7f69f75ed7b595385492{\npadding-bottom:10px;\n}\nbody .av-special-heading.av-7thcbi-f8082f823f2e7f69f75ed7b595385492 .av-special-heading-tag .heading-char{\nfont-size:25px;\n}\n.av-special-heading.av-7thcbi-f8082f823f2e7f69f75ed7b595385492 .av-subheading{\nfont-size:15px;\n}\n<\/style>\n<div  class='av-special-heading av-7thcbi-f8082f823f2e7f69f75ed7b595385492 av-special-heading-h2 blockquote modern-quote modern-centered  avia-builder-el-7  el_before_av_textblock  avia-builder-el-first  underline_black_light align-left'><h2 class='av-special-heading-tag '  itemprop=\"headline\"  >Vinothek<\/h2><div class=\"special-heading-border\"><div class=\"special-heading-inner-border\"><\/div><\/div><\/div><br \/>\n<section  class='av_textblock_section av-1kybl-f0a5ef392764aa8844ff4232336c15d7 '   itemscope=\"itemscope\" itemtype=\"https:\/\/schema.org\/CreativeWork\" ><div class='avia_textblock'  itemprop=\"text\" ><p>In unserer modern gestalteten Vinothek findet man das gesamte Angebot unserer Weine sowie Interessantes zu Weinbau, Kultur und Tradition der Region. Von Steinfedern \u00fcber Federspiele bis hin zu grandiosen Smaragden k\u00f6nnen hier alle unsere Top-Weine verkostet und zum Ab-Hof-Preis gekauft werden. Weiters gibt es viele regionale Spezialit\u00e4ten wie Wachauer Marillenmarmelade, Riesling-Essig, Marillen-Senf, handgesch\u00f6pfte Veltlinerbrand-Schokolade, Gl\u00e4ser, ausgesuchte Wachau-B\u00fccher, edle Geschenksets und vieles mehr \u2026<\/p>\n<p>Wir freuen uns auf Ihren Besuch!<\/p>\n<\/div><\/section><br \/>\n<div  class='avia-button-wrap av-ka2718ma-00c6e030c4996621bbcc55c59cfd4c4f-wrap avia-button-left  avia-builder-el-9  el_after_av_textblock  avia-builder-el-last '><a href='#footer'  class='avia-button av-ka2718ma-00c6e030c4996621bbcc55c59cfd4c4f av-link-btn avia-icon_select-no avia-size-x-large avia-position-left avia-color-theme-color'  target=\"_blank\"  rel=\"noopener noreferrer\"  aria-label=\"\u00d6ffnungszeiten\"><span class='avia_iconbox_title' >\u00d6ffnungszeiten<\/span><\/a><\/div><\/p>\n<\/div><\/div>\n<\/div><div id='after_grid_row_1'  class='main_color av_default_container_wrap container_wrap fullsize'  ><div class='container av-section-cont-open' ><div class='template-page content  av-content-full alpha units'><div class='post-entry post-entry-type-page post-entry-1214'><div class='entry-content-wrapper clearfix'>\n<div  class='hr av-3hfit-18-06d8f435703b3f759aac83b40ce998c0 hr-default  avia-builder-el-10  el_after_av_layout_row  el_before_av_layout_row  avia-builder-el-no-sibling '><span class='hr-inner '><span class=\"hr-inner-style\"><\/span><\/span><\/div>\n<\/div><\/div><\/div><!-- close content main div --><\/div><\/div><div id='av-layout-grid-2'  class='av-layout-grid-container av-ka271tw2-6-05b5b814425baaccda7d716f3f80f93d entry-content-wrapper main_color av-flex-cells  avia-builder-el-11  el_after_av_hr  el_before_av_hr  grid-image-right av-cell-min-height av-cell-min-height-75 grid-row-not-first  container_wrap fullsize'   data-av_minimum_height_pc='75'>\n\n<style type=\"text\/css\" data-created_by=\"avia_inline_auto\" id=\"style-css-av-ka26yuzi-5-9a3578eb048c57c20980427e9fd01f90\">\n.flex_cell.av-ka26yuzi-5-9a3578eb048c57c20980427e9fd01f90{\nvertical-align:middle;\n}\n.responsive #top #wrap_all .flex_cell.av-ka26yuzi-5-9a3578eb048c57c20980427e9fd01f90{\npadding:30px 30px 30px 30px !important;\n}\n<\/style>\n<div class='flex_cell av-ka26yuzi-5-9a3578eb048c57c20980427e9fd01f90 av-gridrow-cell av_one_half no_margin  avia-builder-el-12  el_before_av_cell_one_half  avia-builder-el-first  avia-full-stretch'  ><div class='flex_cell_inner'><p>\n<style type=\"text\/css\" data-created_by=\"avia_inline_auto\" id=\"style-css-av-1ysw72-3432ff8c866d5ff01bd27154d2531438\">\n#top .av-special-heading.av-1ysw72-3432ff8c866d5ff01bd27154d2531438{\npadding-bottom:10px;\n}\nbody .av-special-heading.av-1ysw72-3432ff8c866d5ff01bd27154d2531438 .av-special-heading-tag .heading-char{\nfont-size:25px;\n}\n.av-special-heading.av-1ysw72-3432ff8c866d5ff01bd27154d2531438 .av-subheading{\nfont-size:15px;\n}\n<\/style>\n<div  class='av-special-heading av-1ysw72-3432ff8c866d5ff01bd27154d2531438 av-special-heading-h2 blockquote modern-quote modern-centered  avia-builder-el-13  el_before_av_textblock  avia-builder-el-first  underline_black_light align-right'><h2 class='av-special-heading-tag '  itemprop=\"headline\"  >Vertrieb<\/h2><div class=\"special-heading-border\"><div class=\"special-heading-inner-border\"><\/div><\/div><\/div><br \/>\n<section  class='av_textblock_section av-1kybl-3-d22087e98b7327fa47c3bbccd537bb39 '   itemscope=\"itemscope\" itemtype=\"https:\/\/schema.org\/CreativeWork\" ><div class='avia_textblock'  itemprop=\"text\" ><p style=\"text-align: right;\">Unsere Weine findet man sowohl bei ausgesuchten \u00f6sterreichischen Weinfachh\u00e4ndlern als auch auf unseren weltweiten Kernm\u00e4rkten, wo wir durch unsere internationalen Vertriebspartner vertreten sind. M\u00f6chten Sie wissen, wo Sie unsere Weine finden? Bitte schreiben Sie uns eine Mail oder rufen Sie uns an.<\/p>\n<\/div><\/section><br \/>\n<div  class='avia-button-wrap av-ka2718ma-2-6054d15d0899787f35d5dc72656c270f-wrap avia-button-right  avia-builder-el-15  el_after_av_textblock  avia-builder-el-last '><a href='https:\/\/www.domaene-wachau.at\/de\/kaufen\/vertrieb\/'  class='avia-button av-ka2718ma-2-6054d15d0899787f35d5dc72656c270f av-link-btn avia-icon_select-no avia-size-x-large avia-position-right avia-color-theme-color'   aria-label=\"Mehr erfahren\"><span class='avia_iconbox_title' >Mehr erfahren<\/span><\/a><\/div><\/p>\n<\/div><\/div>\n<style type=\"text\/css\" data-created_by=\"avia_inline_auto\" id=\"style-css-av-2hkh1-4-bc0981270a3af77d0075f80f8f6a3e51\">\n.flex_cell.av-2hkh1-4-bc0981270a3af77d0075f80f8f6a3e51{\nvertical-align:middle;\nbackground:url(https:\/\/www.domaene-wachau.at\/wp-content\/uploads\/2020\/10\/AdobeStock_88763257.jpeg) 50% 50% no-repeat scroll ;\n}\n.responsive #top #wrap_all .flex_cell.av-2hkh1-4-bc0981270a3af77d0075f80f8f6a3e51{\npadding:30px 30px 30px 30px !important;\n}\n<\/style>\n<div class='flex_cell av-2hkh1-4-bc0981270a3af77d0075f80f8f6a3e51 av-gridrow-cell av_one_half no_margin  avia-builder-el-16  el_after_av_cell_one_half  avia-builder-el-last  avia-full-stretch'  ><div class='flex_cell_inner'><\/div><\/div>\n<\/div><div id='after_grid_row_2'  class='main_color av_default_container_wrap container_wrap fullsize'  ><div class='container av-section-cont-open' ><div class='template-page content  av-content-full alpha units'><div class='post-entry post-entry-type-page post-entry-1214'><div class='entry-content-wrapper clearfix'>\n<div  class='hr av-3hfit-12-ee08239aa0a84ff68c1d1ae95d6cefe8 hr-default  avia-builder-el-17  el_after_av_layout_row  el_before_av_layout_row  avia-builder-el-no-sibling '><span class='hr-inner '><span class=\"hr-inner-style\"><\/span><\/span><\/div>\n<\/div><\/div><\/div><!-- close content main div --><\/div><\/div><div id='av-layout-grid-3'  class='av-layout-grid-container av-ka271tw2-11-7ccbec5901d56d7151f0faaf7c4e61c4 entry-content-wrapper main_color av-flex-cells  avia-builder-el-18  el_after_av_hr  el_before_av_hr  grid-image-left av-cell-min-height av-cell-min-height-75 grid-row-not-first  container_wrap fullsize'   data-av_minimum_height_pc='75'>\n\n<style type=\"text\/css\" data-created_by=\"avia_inline_auto\" id=\"style-css-av-ka26yuzi-10-bfaa09f1816ab4a7abe84070dbe523e8\">\n.flex_cell.av-ka26yuzi-10-bfaa09f1816ab4a7abe84070dbe523e8{\nvertical-align:top;\nbackground:url(https:\/\/www.domaene-wachau.at\/wp-content\/uploads\/2020\/10\/DW_Onlineshop-1.jpg) 50% 50% no-repeat scroll ;\n}\n.responsive #top #wrap_all .flex_cell.av-ka26yuzi-10-bfaa09f1816ab4a7abe84070dbe523e8{\npadding:30px 30px 30px 30px !important;\n}\n<\/style>\n<div class='flex_cell av-ka26yuzi-10-bfaa09f1816ab4a7abe84070dbe523e8 av-gridrow-cell av_one_half no_margin  avia-builder-el-19  el_before_av_cell_one_half  avia-builder-el-first  avia-full-stretch'  ><div class='flex_cell_inner'><\/div><\/div>\n<style type=\"text\/css\" data-created_by=\"avia_inline_auto\" id=\"style-css-av-2hkh1-7-3c11ef374f1b078a215ed200c5676ece\">\n.flex_cell.av-2hkh1-7-3c11ef374f1b078a215ed200c5676ece{\nvertical-align:middle;\n}\n.responsive #top #wrap_all .flex_cell.av-2hkh1-7-3c11ef374f1b078a215ed200c5676ece{\npadding:30px 30px 30px 30px !important;\n}\n<\/style>\n<div class='flex_cell av-2hkh1-7-3c11ef374f1b078a215ed200c5676ece av-gridrow-cell av_one_half no_margin  avia-builder-el-20  el_after_av_cell_one_half  avia-builder-el-last '  ><div class='flex_cell_inner'><p>\n<style type=\"text\/css\" data-created_by=\"avia_inline_auto\" id=\"style-css-av-2ea5xa-d8abd5573b2f652314aa776f3e19fd01\">\n#top .av-special-heading.av-2ea5xa-d8abd5573b2f652314aa776f3e19fd01{\npadding-bottom:10px;\n}\nbody .av-special-heading.av-2ea5xa-d8abd5573b2f652314aa776f3e19fd01 .av-special-heading-tag .heading-char{\nfont-size:25px;\n}\n.av-special-heading.av-2ea5xa-d8abd5573b2f652314aa776f3e19fd01 .av-subheading{\nfont-size:15px;\n}\n<\/style>\n<div  class='av-special-heading av-2ea5xa-d8abd5573b2f652314aa776f3e19fd01 av-special-heading-h2 blockquote modern-quote modern-centered  avia-builder-el-21  el_before_av_textblock  avia-builder-el-first  underline_black_light align-left'><h2 class='av-special-heading-tag '  itemprop=\"headline\"  >Onlineshop<\/h2><div class=\"special-heading-border\"><div class=\"special-heading-inner-border\"><\/div><\/div><\/div><br \/>\n<section  class='av_textblock_section av-1kybl-9-3a57fdec159aeaf544e5f9778ee0e422 '   itemscope=\"itemscope\" itemtype=\"https:\/\/schema.org\/CreativeWork\" ><div class='avia_textblock'  itemprop=\"text\" ><p style=\"text-align: left;\">Unsere Weine kann man sich sieben Tage die Woche bequem \u00fcber unseren Onlineshop nach Hause liefern lassen.<\/p>\n<p style=\"text-align: left;\"><strong>Gratis-Zustellung<\/strong><\/p>\n<p style=\"text-align: left;\">in \u00d6sterreich ab \u20ac 49,-<\/p>\n<p style=\"text-align: left;\">in Deutschland ab \u20ac 99,-<\/p>\n<p style=\"text-align: left;\">Und einen <strong>Mengenrabatt<\/strong> gibt es nat\u00fcrlich auch!<\/p>\n<\/div><\/section><br \/>\n<div  class='avia-button-wrap av-ka2718ma-8-0af3a880d1ea191ee6ca03e6a08c861d-wrap avia-button-left  avia-builder-el-23  el_after_av_textblock  avia-builder-el-last '><a href='https:\/\/www.domaene-wachau.at\/de\/shop\/'  class='avia-button av-ka2718ma-8-0af3a880d1ea191ee6ca03e6a08c861d av-link-btn avia-icon_select-yes-left-icon avia-size-x-large avia-position-left avia-color-theme-color'   aria-label=\"Shop\"><span class='avia_button_icon avia_button_icon_left' aria-hidden='true' data-av_icon='\ue800' data-av_iconfont='dwachauicons'><\/span><span class='avia_iconbox_title' >Shop<\/span><\/a><\/div><\/p>\n<\/div><\/div>\n<\/div><div id='after_grid_row_3'  class='main_color av_default_container_wrap container_wrap fullsize'  ><div class='container av-section-cont-open' ><div class='template-page content  av-content-full alpha units'><div class='post-entry post-entry-type-page post-entry-1214'><div class='entry-content-wrapper clearfix'>\n<div  class='hr av-y8q9-1-fc3c4e7f3e313ff76f6e9a3adb105c49 hr-default  avia-builder-el-24  el_after_av_layout_row  avia-builder-el-no-sibling '><span class='hr-inner '><span class=\"hr-inner-style\"><\/span><\/span><\/div>\n","protected":false},"excerpt":{"rendered":"","protected":false},"author":8447,"featured_media":0,"parent":0,"menu_order":0,"comment_status":"closed","ping_status":"closed","template":"","meta":{"_acf_changed":false,"_tec_requires_first_save":true,"_price":"","_stock":"","_tribe_ticket_header":"","_tribe_default_ticket_provider":"","_tribe_ticket_capacity":"0","_ticket_start_date":"","_ticket_end_date":"","_tribe_ticket_show_description":"","_tribe_ticket_show_not_going":false,"_tribe_ticket_use_global_stock":"","_tribe_ticket_global_stock_level":"","_global_stock_mode":"","_global_stock_cap":"","_tribe_rsvp_for_event":"","_tribe_ticket_going_count":"","_tribe_ticket_not_going_count":"","_tribe_tickets_list":"[]","_tribe_ticket_has_attendee_info_fields":false,"_EventAllDay":false,"_EventTimezone":"","_EventStartDate":"","_EventEndDate":"","_EventStartDateUTC":"","_EventEndDateUTC":"","_EventShowMap":false,"_EventShowMapLink":false,"_EventURL":"","_EventCost":"","_EventCostDescription":"","_EventCurrencySymbol":"","_EventCurrencyCode":"","_EventCurrencyPosition":"","_EventDateTimeSeparator":"","_EventTimeRangeSeparator":"","_EventOrganizerID":[],"_EventVenueID":[],"_OrganizerEmail":"","_OrganizerPhone":"","_OrganizerWebsite":"","_VenueAddress":"","_VenueCity":"","_VenueCountry":"","_VenueProvince":"","_VenueState":"","_VenueZip":"","_VenuePhone":"","_VenueURL":"","_VenueStateProvince":"","_VenueLat":"","_VenueLng":"","_VenueShowMap":false,"_VenueShowMapLink":false,"_tribe_blocks_recurrence_rules":"","_tribe_blocks_recurrence_description":"","_tribe_blocks_recurrence_exclusions":"","footnotes":""},"class_list":["post-1214","page","type-page","status-publish","hentry"],"acf":[],"_links":{"self":[{"href":"https:\/\/www.domaene-wachau.at\/de\/wp-json\/wp\/v2\/pages\/1214","targetHints":{"allow":["GET"]}}],"collection":[{"href":"https:\/\/www.domaene-wachau.at\/de\/wp-json\/wp\/v2\/pages"}],"about":[{"href":"https:\/\/www.domaene-wachau.at\/de\/wp-json\/wp\/v2\/types\/page"}],"author":[{"embeddable":true,"href":"https:\/\/www.domaene-wachau.at\/de\/wp-json\/wp\/v2\/users\/8447"}],"replies":[{"embeddable":true,"href":"https:\/\/www.domaene-wachau.at\/de\/wp-json\/wp\/v2\/comments?post=1214"}],"version-history":[{"count":4,"href":"https:\/\/www.domaene-wachau.at\/de\/wp-json\/wp\/v2\/pages\/1214\/revisions"}],"predecessor-version":[{"id":55792,"href":"https:\/\/www.domaene-wachau.at\/de\/wp-json\/wp\/v2\/pages\/1214\/revisions\/55792"}],"wp:attachment":[{"href":"https:\/\/www.domaene-wachau.at\/de\/wp-json\/wp\/v2\/media?parent=1214"}],"curies":[{"name":"wp","href":"https:\/\/api.w.org\/{rel}","templated":true}]}}