{"id":1255,"date":"2020-07-01T17:15:19","date_gmt":"2020-07-01T15:15:19","guid":{"rendered":"https:\/\/www.domaene-wachau.at\/?page_id=1255"},"modified":"2026-03-31T09:33:20","modified_gmt":"2026-03-31T07:33:20","slug":"heuriger","status":"publish","type":"page","link":"https:\/\/www.domaene-wachau.at\/de\/besuch\/heuriger\/","title":{"rendered":"Dom\u00e4ne Wachau Heuriger"},"content":{"rendered":"\n<style type=\"text\/css\" data-created_by=\"avia_inline_auto\" id=\"style-css-av-ka26qbcx-23e0a0dd2a99d7977cfe692890929eea\">\n.avia-section.av-ka26qbcx-23e0a0dd2a99d7977cfe692890929eea{\nbackground-repeat:no-repeat;\nbackground-image:url(https:\/\/www.domaene-wachau.at\/wp-content\/uploads\/2025\/08\/website-foto-neu-1.jpg);\nbackground-position:0% 0%;\nbackground-attachment:fixed;\n}\n<\/style>\n<div id='av_section_1'  class='avia-section av-ka26qbcx-23e0a0dd2a99d7977cfe692890929eea alternate_color avia-section-default avia-no-border-styling  avia-builder-el-0  el_before_av_layout_row  avia-builder-el-first  avia-full-stretch avia-bg-style-fixed av-minimum-height av-minimum-height-100 av-height-100  container_wrap fullsize'  data-section-bg-repeat='stretch' data-av_minimum_height_pc='100' data-av_min_height_opt='100'><div class=\"av-section-color-overlay-wrap\"><a href='#next-section' title='' class='scroll-down-link ' aria-hidden='true' data-av_icon='\ue877' data-av_iconfont='entypo-fontello'><\/a><div class='container av-section-cont-open' ><main  role=\"main\" itemprop=\"mainContentOfPage\"  class='template-page content  av-content-full alpha units'><div class='post-entry post-entry-type-page post-entry-1255'><div class='entry-content-wrapper clearfix'>\n\n\n<style type=\"text\/css\" data-created_by=\"avia_inline_auto\" id=\"style-css-av-kc3garbr-93a645e0abe934b413bad1277640e055\">\n#top .av-special-heading.av-kc3garbr-93a645e0abe934b413bad1277640e055{\npadding-bottom:10px;\ncolor:#ffffff;\n}\nbody .av-special-heading.av-kc3garbr-93a645e0abe934b413bad1277640e055 .av-special-heading-tag .heading-char{\nfont-size:25px;\n}\n.av-special-heading.av-kc3garbr-93a645e0abe934b413bad1277640e055 .special-heading-inner-border{\nborder-color:#ffffff;\n}\n.av-special-heading.av-kc3garbr-93a645e0abe934b413bad1277640e055 .av-subheading{\nfont-size:15px;\n}\n<\/style>\n<div  class='av-special-heading av-kc3garbr-93a645e0abe934b413bad1277640e055 av-special-heading-h1 custom-color-heading blockquote modern-quote modern-centered  avia-builder-el-2  el_after_av_codeblock  avia-builder-el-last  underline_white_bold text-shadow align-left'><h1 class='av-special-heading-tag '  itemprop=\"headline\"  >Dom\u00e4ne Wachau Heuriger<\/h1><div class=\"special-heading-border\"><div class=\"special-heading-inner-border\"><\/div><\/div><\/div>\n\n<\/div><\/div><\/main><!-- close content main element --><\/div><\/div><\/div><div id='av-layout-grid-1'  class='av-layout-grid-container av-ka271tw2-16fb20648d2b1b7d787f9b828e9c1fb0 entry-content-wrapper main_color av-flex-cells  avia-builder-el-3  el_after_av_section  el_before_av_one_half  grid-image-left av-cell-min-height av-cell-min-height-75 grid-row-not-first  container_wrap fullsize'   data-av_minimum_height_pc='75'>\n\n<style type=\"text\/css\" data-created_by=\"avia_inline_auto\" id=\"style-css-av-ka26yuzi-aad3a760cc1b8da49c850ea1cacf20fc\">\n.flex_cell.av-ka26yuzi-aad3a760cc1b8da49c850ea1cacf20fc{\nvertical-align:middle;\nbackground:url(https:\/\/www.domaene-wachau.at\/wp-content\/uploads\/2023\/08\/Heuriger-Domaene-Wachau.jpg) 50% 50% no-repeat scroll ;\n}\n.responsive #top #wrap_all .flex_cell.av-ka26yuzi-aad3a760cc1b8da49c850ea1cacf20fc{\npadding:30px 30px 30px 30px !important;\n}\n<\/style>\n<div class='flex_cell av-ka26yuzi-aad3a760cc1b8da49c850ea1cacf20fc av-gridrow-cell av_one_half no_margin  avia-builder-el-4  el_before_av_cell_one_half  avia-builder-el-first  avia-full-stretch'  ><div class='flex_cell_inner'><\/div><\/div>\n<style type=\"text\/css\" data-created_by=\"avia_inline_auto\" id=\"style-css-av-2hkh1-f7fbd13cec3b9b85082abdeb52857a0a\">\n.flex_cell.av-2hkh1-f7fbd13cec3b9b85082abdeb52857a0a{\nvertical-align:middle;\n}\n.responsive #top #wrap_all .flex_cell.av-2hkh1-f7fbd13cec3b9b85082abdeb52857a0a{\npadding:30px 30px 30px 30px !important;\n}\n<\/style>\n<div class='flex_cell av-2hkh1-f7fbd13cec3b9b85082abdeb52857a0a av-gridrow-cell av_one_half no_margin  avia-builder-el-5  el_after_av_cell_one_half  avia-builder-el-last '  ><div class='flex_cell_inner'><p>\n<style type=\"text\/css\" data-created_by=\"avia_inline_auto\" id=\"style-css-av-l5m6ibdw-1062c2fd7544b28f9eaa00d684f4d647\">\n#top .av-special-heading.av-l5m6ibdw-1062c2fd7544b28f9eaa00d684f4d647{\npadding-bottom:10px;\n}\nbody .av-special-heading.av-l5m6ibdw-1062c2fd7544b28f9eaa00d684f4d647 .av-special-heading-tag .heading-char{\nfont-size:25px;\n}\n.av-special-heading.av-l5m6ibdw-1062c2fd7544b28f9eaa00d684f4d647 .av-subheading{\nfont-size:15px;\n}\n<\/style>\n<div  class='av-special-heading av-l5m6ibdw-1062c2fd7544b28f9eaa00d684f4d647 av-special-heading-h2 blockquote modern-quote modern-centered  avia-builder-el-6  el_before_av_textblock  avia-builder-el-first  underline_black_light align-left'><h2 class='av-special-heading-tag '  itemprop=\"headline\"  >Dom\u00e4ne Wachau Heuriger<\/h2><div class=\"special-heading-border\"><div class=\"special-heading-inner-border\"><\/div><\/div><\/div><br \/>\n<section  class='av_textblock_section av-1kybl-4c65770c8f6b4386855103e76b40d316 '   itemscope=\"itemscope\" itemtype=\"https:\/\/schema.org\/CreativeWork\" ><div class='avia_textblock'  itemprop=\"text\" ><p><strong>H\u00f6chstbewertung in \u00d6sterreich: 98 Punkte im Falstaff Heurigen- & Buschenschankguide 2025!<\/strong><\/p>\n<p style=\"text-align: left;\">Unser Pop-up Heuriger ist l\u00e4ngst kein Geheimtipp mehr, sondern Kult. Hei\u00df begehrt, oft ausreserviert und einfach next level. An zwei Wochenenden im Sommer landen feine Heurigen-Schmankerl und regionale Snacks auf den Tischen, dazu die ganze Dom\u00e4ne Wachau Weinvielfalt \u2013 von knackig-frischen Federspielen \u00fcber elegante Smaragde bis hin zu echten Rarit\u00e4ten aus dem Archiv. Das Setting? Unschlagbar. Im Garten des barocken Kellerschl\u00f6ssels, mitten in den Wachauer Weinbergen, genie\u00dfen unsere G\u00e4ste ihr Glas Wein \u2013 mit Blick auf die legend\u00e4re Ried Kellerberg.<\/p>\n<p><strong>Termine:<\/strong><\/p>\n<p><strong>3. \u2013 6. Juli 2026<\/strong><br \/>\n<strong>10. \u2013 13. Juli 2026<\/strong><br \/>\nT\u00e4glich ab 16 Uhr<\/p>\n<\/div><\/section><br \/>\n<div  class='avia-buttonrow-wrap av-lk2dqjgy-c6ad6121ecd47357b00e3d4db2ea07c4 avia-buttonrow-right  avia-builder-el-8  el_after_av_textblock  avia-builder-el-last  sl-heurigebutton fix-buttons'>\n\n<style type=\"text\/css\" data-created_by=\"avia_inline_auto\" id=\"style-css-av-29gro7-09be9c516edcb50ef735bb65028a6c04\">\n#top #wrap_all .avia-button.av-29gro7-09be9c516edcb50ef735bb65028a6c04{\nmargin-bottom:5%;\nmargin-left:5%;\n}\n<\/style>\n<a href='https:\/\/www.domaene-wachau.at\/wp-content\/uploads\/2025\/12\/DW_NEU_Heurigenkarte_Entwurf_8Seiten_29072025.pdf'  class='avia-button av-29gro7-09be9c516edcb50ef735bb65028a6c04 avia-icon_select-no avia-size-small avia-color-theme-color'  target=\"_blank\"  rel=\"noopener noreferrer\"  aria-label=\"WEIN & SPEISEN\"><span class='avia_iconbox_title' >WEIN & SPEISEN<\/span><\/a>\n\n<style type=\"text\/css\" data-created_by=\"avia_inline_auto\" id=\"style-css-av-29gro7-1-ea2da08da509bb6eec5332c5e08ff321\">\n#top #wrap_all .avia-button.av-29gro7-1-ea2da08da509bb6eec5332c5e08ff321{\nmargin-bottom:5%;\nmargin-left:5%;\n}\n<\/style>\n<a href='https:\/\/www.domaene-wachau.at\/wp-content\/uploads\/2025\/06\/Sonderweinkarte-Juli-Heuriger-2025.pdf'  class='avia-button av-29gro7-1-ea2da08da509bb6eec5332c5e08ff321 avia-icon_select-no avia-size-small avia-color-theme-color'  target=\"_blank\"  rel=\"noopener noreferrer\"  aria-label=\"NOCH MEHR WEIN\"><span class='avia_iconbox_title' >NOCH MEHR WEIN<\/span><\/a>\n<\/div><\/p>\n<\/div><\/div><\/div><div id='after_grid_row_1'  class='main_color av_default_container_wrap container_wrap fullsize'  ><div class='container av-section-cont-open' ><div class='template-page content  av-content-full alpha units'><div class='post-entry post-entry-type-page post-entry-1255'><div class='entry-content-wrapper clearfix'><div  class='flex_column av-4jiq9j-59dfcfc428d97d809bb62caba2c21c90 av_one_half  avia-builder-el-9  el_after_av_layout_row  el_before_av_one_half  avia-builder-el-first  first flex_column_div  '     ><section  class='av_textblock_section av-ltct2j3y-02c4a0087d1d4a36946aaff221fd9e9e '   itemscope=\"itemscope\" itemtype=\"https:\/\/schema.org\/CreativeWork\" ><div class='avia_textblock'  itemprop=\"text\" ><\/div><\/section><\/div><\/p>\n<div  class='flex_column av-23x0bb-66a934ff75e2d01b4055b342d250767b av_one_half  avia-builder-el-11  el_after_av_one_half  el_before_av_section  avia-builder-el-last  flex_column_div  '     ><\/div>\n<\/div><\/div><\/div><!-- close content main div --><\/div><\/div><div id='av_section_2'  class='avia-section av-9m7div-9f195e3879b2e5f63bf80239d5b12798 main_color avia-section-default avia-no-border-styling  avia-builder-el-13  el_after_av_one_half  avia-builder-el-last  full-width-galery avia-bg-style-scroll container_wrap fullsize'  ><div class='container av-section-cont-open' ><div class='template-page content  av-content-full alpha units'><div class='post-entry post-entry-type-page post-entry-1255'><div class='entry-content-wrapper clearfix'>\n\n<style type=\"text\/css\" data-created_by=\"avia_inline_auto\" id=\"style-css-av-895wfb-01d87be20a38c080c11e683a781d861f\">\n.flex_column.av-895wfb-01d87be20a38c080c11e683a781d861f{\nborder-radius:0px 0px 0px 0px;\npadding:0px 0px 0px 0px;\n}\n<\/style>\n<div  class='flex_column av-895wfb-01d87be20a38c080c11e683a781d861f av_one_full  avia-builder-el-14  avia-builder-el-no-sibling  first flex_column_div av-zero-column-padding  '     ><p>\n<style type=\"text\/css\" data-created_by=\"avia_inline_auto\" id=\"style-css-av-59t0mf-563d1dc804322db27512583af899e5aa\">\n#top .av-special-heading.av-59t0mf-563d1dc804322db27512583af899e5aa{\npadding-bottom:10px;\n}\nbody .av-special-heading.av-59t0mf-563d1dc804322db27512583af899e5aa .av-special-heading-tag .heading-char{\nfont-size:25px;\n}\n.av-special-heading.av-59t0mf-563d1dc804322db27512583af899e5aa .av-subheading{\nfont-size:15px;\n}\n<\/style>\n<div  class='av-special-heading av-59t0mf-563d1dc804322db27512583af899e5aa av-special-heading-h2 blockquote modern-quote modern-centered  avia-builder-el-15  el_before_av_hr  avia-builder-el-first  underline_black_light align-left'><h2 class='av-special-heading-tag '  itemprop=\"headline\"  >Impressionen<\/h2><div class=\"special-heading-border\"><div class=\"special-heading-inner-border\"><\/div><\/div><\/div><br \/>\n\n<style type=\"text\/css\" data-created_by=\"avia_inline_auto\" id=\"style-css-av-46phbr-8c8ece1ba0188cf5fa661c2ef1d08750\">\n#top .hr.hr-invisible.av-46phbr-8c8ece1ba0188cf5fa661c2ef1d08750{\nheight:70px;\n}\n<\/style>\n<div  class='hr av-46phbr-8c8ece1ba0188cf5fa661c2ef1d08750 hr-invisible  avia-builder-el-16  el_after_av_heading  el_before_av_gallery '><span class='hr-inner '><span class=\"hr-inner-style\"><\/span><\/span><\/div><br \/>\n\n<style type=\"text\/css\" data-created_by=\"avia_inline_auto\" id=\"style-css-av-1y6lrb-62791393dd708ea2509caaa61e95ce4c\">\n#top .avia-gallery.av-1y6lrb-62791393dd708ea2509caaa61e95ce4c .avia-gallery-thumb a{\nwidth:20%;\n}\n<\/style>\n<div  class='avia-gallery av-1y6lrb-62791393dd708ea2509caaa61e95ce4c avia_animate_when_visible  avia-builder-el-17  el_after_av_hr  avia-builder-el-last  animations_off avia-gallery-1'  itemprop=\"image\" itemscope=\"itemscope\" itemtype=\"https:\/\/schema.org\/ImageObject\" ><meta itemprop=\"contentURL\" content=\"https:\/\/www.domaene-wachau.at\/de\/besuch\/heuriger\/\"><div class='avia-gallery-thumb'><a href=\"https:\/\/www.domaene-wachau.at\/wp-content\/uploads\/2020\/07\/20190904_DW-Heurigen_0040.jpg\" data-rel='gallery-1' data-prev-img='https:\/\/www.domaene-wachau.at\/wp-content\/uploads\/2020\/07\/20190904_DW-Heurigen_0040.jpg' class='first_thumb lightbox ' data-onclick='1' title='DW-Heurigen'  itemprop=\"thumbnailUrl\"  ><img decoding=\"async\" loading=\"lazy\" class=\"wp-image-2069 avia-img-lazy-loading-2069\"   src=\"https:\/\/www.domaene-wachau.at\/wp-content\/uploads\/2020\/07\/20190904_DW-Heurigen_0040.jpg\" width=\"1\" height=\"1\"  title='DW-Heurigen' alt='' \/><div class='big-prev-fake'><img decoding=\"async\" loading=\"lazy\" class=\"wp-image-2069 avia-img-lazy-loading-2069\"  width=\"1\" height=\"1\" src=\"https:\/\/www.domaene-wachau.at\/wp-content\/uploads\/2020\/07\/20190904_DW-Heurigen_0040.jpg\" title='DW-Heurigen' alt='' \/><\/div><\/a><a href=\"https:\/\/www.domaene-wachau.at\/wp-content\/uploads\/2020\/07\/20190904_DW-Heurigen_0044.jpg\" data-rel='gallery-1' data-prev-img='https:\/\/www.domaene-wachau.at\/wp-content\/uploads\/2020\/07\/20190904_DW-Heurigen_0044.jpg' class='lightbox ' data-onclick='2' title='DW-Heurigen'  itemprop=\"thumbnailUrl\"  ><img decoding=\"async\" loading=\"lazy\" class=\"wp-image-2071 avia-img-lazy-loading-2071\"   src=\"https:\/\/www.domaene-wachau.at\/wp-content\/uploads\/2020\/07\/20190904_DW-Heurigen_0044.jpg\" width=\"1\" height=\"1\"  title='DW-Heurigen' alt='' \/><div class='big-prev-fake'><img decoding=\"async\" loading=\"lazy\" class=\"wp-image-2071 avia-img-lazy-loading-2071\"  width=\"1\" height=\"1\" src=\"https:\/\/www.domaene-wachau.at\/wp-content\/uploads\/2020\/07\/20190904_DW-Heurigen_0044.jpg\" title='DW-Heurigen' alt='' \/><\/div><\/a><a href=\"https:\/\/www.domaene-wachau.at\/wp-content\/uploads\/2020\/07\/20190904_DW-Heurigen_0059.jpg\" data-rel='gallery-1' data-prev-img='https:\/\/www.domaene-wachau.at\/wp-content\/uploads\/2020\/07\/20190904_DW-Heurigen_0059.jpg' class='lightbox ' data-onclick='3' title='DW-Heurigen'  itemprop=\"thumbnailUrl\"  ><img decoding=\"async\" loading=\"lazy\" class=\"wp-image-2073 avia-img-lazy-loading-2073\"   src=\"https:\/\/www.domaene-wachau.at\/wp-content\/uploads\/2020\/07\/20190904_DW-Heurigen_0059.jpg\" width=\"1\" height=\"1\"  title='DW-Heurigen' alt='' \/><div class='big-prev-fake'><img decoding=\"async\" loading=\"lazy\" class=\"wp-image-2073 avia-img-lazy-loading-2073\"  width=\"1\" height=\"1\" src=\"https:\/\/www.domaene-wachau.at\/wp-content\/uploads\/2020\/07\/20190904_DW-Heurigen_0059.jpg\" title='DW-Heurigen' alt='' \/><\/div><\/a><a href=\"https:\/\/www.domaene-wachau.at\/wp-content\/uploads\/2020\/07\/20190904_DW-Heurigen_0073.jpg\" data-rel='gallery-1' data-prev-img='https:\/\/www.domaene-wachau.at\/wp-content\/uploads\/2020\/07\/20190904_DW-Heurigen_0073.jpg' class='lightbox ' data-onclick='4' title='DW-Heurigen'  itemprop=\"thumbnailUrl\"  ><img decoding=\"async\" loading=\"lazy\" class=\"wp-image-2075 avia-img-lazy-loading-2075\"   src=\"https:\/\/www.domaene-wachau.at\/wp-content\/uploads\/2020\/07\/20190904_DW-Heurigen_0073.jpg\" width=\"1\" height=\"1\"  title='DW-Heurigen' alt='' \/><div class='big-prev-fake'><img decoding=\"async\" loading=\"lazy\" class=\"wp-image-2075 avia-img-lazy-loading-2075\"  width=\"1\" height=\"1\" src=\"https:\/\/www.domaene-wachau.at\/wp-content\/uploads\/2020\/07\/20190904_DW-Heurigen_0073.jpg\" title='DW-Heurigen' alt='' \/><\/div><\/a><a href=\"https:\/\/www.domaene-wachau.at\/wp-content\/uploads\/2020\/07\/20190904_DW-Heurigen_0102.jpg\" data-rel='gallery-1' data-prev-img='https:\/\/www.domaene-wachau.at\/wp-content\/uploads\/2020\/07\/20190904_DW-Heurigen_0102.jpg' class='lightbox ' data-onclick='5' title='DW-Heurigen'  itemprop=\"thumbnailUrl\"  ><img decoding=\"async\" loading=\"lazy\" class=\"wp-image-2079 avia-img-lazy-loading-2079\"   src=\"https:\/\/www.domaene-wachau.at\/wp-content\/uploads\/2020\/07\/20190904_DW-Heurigen_0102.jpg\" width=\"1\" height=\"1\"  title='DW-Heurigen' alt='' \/><div class='big-prev-fake'><img decoding=\"async\" loading=\"lazy\" class=\"wp-image-2079 avia-img-lazy-loading-2079\"  width=\"1\" height=\"1\" src=\"https:\/\/www.domaene-wachau.at\/wp-content\/uploads\/2020\/07\/20190904_DW-Heurigen_0102.jpg\" title='DW-Heurigen' alt='' \/><\/div><\/a><a href=\"https:\/\/www.domaene-wachau.at\/wp-content\/uploads\/2020\/07\/20190904_DW-Heurigen_0106.jpg\" data-rel='gallery-1' data-prev-img='https:\/\/www.domaene-wachau.at\/wp-content\/uploads\/2020\/07\/20190904_DW-Heurigen_0106.jpg' class='first_thumb lightbox ' data-onclick='6' title='DW-Heurigen'  itemprop=\"thumbnailUrl\"  ><img decoding=\"async\" loading=\"lazy\" class=\"wp-image-2081 avia-img-lazy-loading-2081\"   src=\"https:\/\/www.domaene-wachau.at\/wp-content\/uploads\/2020\/07\/20190904_DW-Heurigen_0106.jpg\" width=\"1\" height=\"1\"  title='DW-Heurigen' alt='' \/><div class='big-prev-fake'><img decoding=\"async\" loading=\"lazy\" class=\"wp-image-2081 avia-img-lazy-loading-2081\"  width=\"1\" height=\"1\" src=\"https:\/\/www.domaene-wachau.at\/wp-content\/uploads\/2020\/07\/20190904_DW-Heurigen_0106.jpg\" title='DW-Heurigen' alt='' \/><\/div><\/a><a href=\"https:\/\/www.domaene-wachau.at\/wp-content\/uploads\/2020\/07\/20190904_DW-Heurigen_0183.jpg\" data-rel='gallery-1' data-prev-img='https:\/\/www.domaene-wachau.at\/wp-content\/uploads\/2020\/07\/20190904_DW-Heurigen_0183.jpg' class='lightbox ' data-onclick='7' title='DW-Heurigen'  itemprop=\"thumbnailUrl\"  ><img decoding=\"async\" loading=\"lazy\" class=\"wp-image-2087 avia-img-lazy-loading-2087\"   src=\"https:\/\/www.domaene-wachau.at\/wp-content\/uploads\/2020\/07\/20190904_DW-Heurigen_0183.jpg\" width=\"1\" height=\"1\"  title='DW-Heurigen' alt='' \/><div class='big-prev-fake'><img decoding=\"async\" loading=\"lazy\" class=\"wp-image-2087 avia-img-lazy-loading-2087\"  width=\"1\" height=\"1\" src=\"https:\/\/www.domaene-wachau.at\/wp-content\/uploads\/2020\/07\/20190904_DW-Heurigen_0183.jpg\" title='DW-Heurigen' alt='' \/><\/div><\/a><a href=\"https:\/\/www.domaene-wachau.at\/wp-content\/uploads\/2020\/07\/20190904_DW-Heurigen_0128.jpg\" data-rel='gallery-1' data-prev-img='https:\/\/www.domaene-wachau.at\/wp-content\/uploads\/2020\/07\/20190904_DW-Heurigen_0128.jpg' class='lightbox ' data-onclick='8' title='DW-Heurigen'  itemprop=\"thumbnailUrl\"  ><img decoding=\"async\" loading=\"lazy\" class=\"wp-image-2083 avia-img-lazy-loading-2083\"   src=\"https:\/\/www.domaene-wachau.at\/wp-content\/uploads\/2020\/07\/20190904_DW-Heurigen_0128.jpg\" width=\"1\" height=\"1\"  title='DW-Heurigen' alt='' \/><div class='big-prev-fake'><img decoding=\"async\" loading=\"lazy\" class=\"wp-image-2083 avia-img-lazy-loading-2083\"  width=\"1\" height=\"1\" src=\"https:\/\/www.domaene-wachau.at\/wp-content\/uploads\/2020\/07\/20190904_DW-Heurigen_0128.jpg\" title='DW-Heurigen' alt='' \/><\/div><\/a><a href=\"https:\/\/www.domaene-wachau.at\/wp-content\/uploads\/2020\/07\/20190904_DW-Heurigen_0204.jpg\" data-rel='gallery-1' data-prev-img='https:\/\/www.domaene-wachau.at\/wp-content\/uploads\/2020\/07\/20190904_DW-Heurigen_0204.jpg' class='lightbox ' data-onclick='9' title='DW-Heurigen'  itemprop=\"thumbnailUrl\"  ><img decoding=\"async\" loading=\"lazy\" class=\"wp-image-2089 avia-img-lazy-loading-2089\"   src=\"https:\/\/www.domaene-wachau.at\/wp-content\/uploads\/2020\/07\/20190904_DW-Heurigen_0204.jpg\" width=\"1\" height=\"1\"  title='DW-Heurigen' alt='' \/><div class='big-prev-fake'><img decoding=\"async\" loading=\"lazy\" class=\"wp-image-2089 avia-img-lazy-loading-2089\"  width=\"1\" height=\"1\" src=\"https:\/\/www.domaene-wachau.at\/wp-content\/uploads\/2020\/07\/20190904_DW-Heurigen_0204.jpg\" title='DW-Heurigen' alt='' \/><\/div><\/a><\/div><\/div><\/p><\/div>\n\n","protected":false},"excerpt":{"rendered":"","protected":false},"author":8447,"featured_media":0,"parent":974,"menu_order":0,"comment_status":"closed","ping_status":"closed","template":"","meta":{"_acf_changed":false,"_tec_requires_first_save":true,"_price":"","_stock":"","_tribe_ticket_header":"","_tribe_default_ticket_provider":"","_tribe_ticket_capacity":"0","_ticket_start_date":"","_ticket_end_date":"","_tribe_ticket_show_description":"","_tribe_ticket_show_not_going":false,"_tribe_ticket_use_global_stock":"","_tribe_ticket_global_stock_level":"","_global_stock_mode":"","_global_stock_cap":"","_tribe_rsvp_for_event":"","_tribe_ticket_going_count":"","_tribe_ticket_not_going_count":"","_tribe_tickets_list":"[]","_tribe_ticket_has_attendee_info_fields":false,"_EventAllDay":false,"_EventTimezone":"","_EventStartDate":"","_EventEndDate":"","_EventStartDateUTC":"","_EventEndDateUTC":"","_EventShowMap":false,"_EventShowMapLink":false,"_EventURL":"","_EventCost":"","_EventCostDescription":"","_EventCurrencySymbol":"","_EventCurrencyCode":"","_EventCurrencyPosition":"","_EventDateTimeSeparator":"","_EventTimeRangeSeparator":"","_EventOrganizerID":[],"_EventVenueID":[],"_OrganizerEmail":"","_OrganizerPhone":"","_OrganizerWebsite":"","_VenueAddress":"","_VenueCity":"","_VenueCountry":"","_VenueProvince":"","_VenueState":"","_VenueZip":"","_VenuePhone":"","_VenueURL":"","_VenueStateProvince":"","_VenueLat":"","_VenueLng":"","_VenueShowMap":false,"_VenueShowMapLink":false,"_tribe_blocks_recurrence_rules":"","_tribe_blocks_recurrence_description":"","_tribe_blocks_recurrence_exclusions":"","footnotes":""},"class_list":["post-1255","page","type-page","status-publish","hentry"],"acf":[],"_links":{"self":[{"href":"https:\/\/www.domaene-wachau.at\/de\/wp-json\/wp\/v2\/pages\/1255","targetHints":{"allow":["GET"]}}],"collection":[{"href":"https:\/\/www.domaene-wachau.at\/de\/wp-json\/wp\/v2\/pages"}],"about":[{"href":"https:\/\/www.domaene-wachau.at\/de\/wp-json\/wp\/v2\/types\/page"}],"author":[{"embeddable":true,"href":"https:\/\/www.domaene-wachau.at\/de\/wp-json\/wp\/v2\/users\/8447"}],"replies":[{"embeddable":true,"href":"https:\/\/www.domaene-wachau.at\/de\/wp-json\/wp\/v2\/comments?post=1255"}],"version-history":[{"count":74,"href":"https:\/\/www.domaene-wachau.at\/de\/wp-json\/wp\/v2\/pages\/1255\/revisions"}],"predecessor-version":[{"id":77912,"href":"https:\/\/www.domaene-wachau.at\/de\/wp-json\/wp\/v2\/pages\/1255\/revisions\/77912"}],"up":[{"embeddable":true,"href":"https:\/\/www.domaene-wachau.at\/de\/wp-json\/wp\/v2\/pages\/974"}],"wp:attachment":[{"href":"https:\/\/www.domaene-wachau.at\/de\/wp-json\/wp\/v2\/media?parent=1255"}],"curies":[{"name":"wp","href":"https:\/\/api.w.org\/{rel}","templated":true}]}}