{"id":2485,"date":"2020-07-21T11:03:14","date_gmt":"2020-07-21T09:03:14","guid":{"rendered":"https:\/\/www.domaene-wachau.at\/?page_id=2485"},"modified":"2026-03-24T11:27:33","modified_gmt":"2026-03-24T10:27:33","slug":"vinothek","status":"publish","type":"page","link":"https:\/\/www.domaene-wachau.at\/de\/kaufen\/vinothek\/","title":{"rendered":"Vinothek"},"content":{"rendered":"\n<style type=\"text\/css\" data-created_by=\"avia_inline_auto\" id=\"style-css-av-ka26qbcx-6cf5fff83f7bcd090bfe84203795d75e\">\n.avia-section.av-ka26qbcx-6cf5fff83f7bcd090bfe84203795d75e{\nbackground-repeat:no-repeat;\nbackground-image:url(https:\/\/www.domaene-wachau.at\/wp-content\/uploads\/2022\/09\/DW_Vinothek-c-Domaene-Wachau-1.jpg);\nbackground-position:50% 50%;\nbackground-attachment:fixed;\n}\n<\/style>\n<div id='av_section_1'  class='avia-section av-ka26qbcx-6cf5fff83f7bcd090bfe84203795d75e alternate_color avia-section-default avia-no-border-styling  avia-builder-el-0  el_before_av_layout_row  avia-builder-el-first  avia-full-stretch avia-bg-style-fixed av-minimum-height av-minimum-height-100 av-height-100  container_wrap fullsize'  data-section-bg-repeat='stretch' data-av_minimum_height_pc='100' data-av_min_height_opt='100'><div class=\"av-section-color-overlay-wrap\"><a href='#next-section' title='' class='scroll-down-link ' aria-hidden='true' data-av_icon='\ue877' data-av_iconfont='entypo-fontello'><\/a><div class='container av-section-cont-open' ><main  role=\"main\" itemprop=\"mainContentOfPage\"  class='template-page content  av-content-full alpha units'><div class='post-entry post-entry-type-page post-entry-2485'><div class='entry-content-wrapper clearfix'>\n\n\n<style type=\"text\/css\" data-created_by=\"avia_inline_auto\" id=\"style-css-av-kcvpmw6y-c62e66eadf57c097ba91139288cb8c11\">\n#top .av-special-heading.av-kcvpmw6y-c62e66eadf57c097ba91139288cb8c11{\npadding-bottom:10px;\ncolor:#ffffff;\n}\nbody .av-special-heading.av-kcvpmw6y-c62e66eadf57c097ba91139288cb8c11 .av-special-heading-tag .heading-char{\nfont-size:25px;\n}\n.av-special-heading.av-kcvpmw6y-c62e66eadf57c097ba91139288cb8c11 .special-heading-inner-border{\nborder-color:#ffffff;\n}\n.av-special-heading.av-kcvpmw6y-c62e66eadf57c097ba91139288cb8c11 .av-subheading{\nfont-size:15px;\n}\n<\/style>\n<div  class='av-special-heading av-kcvpmw6y-c62e66eadf57c097ba91139288cb8c11 av-special-heading-h1 custom-color-heading blockquote modern-quote modern-centered  avia-builder-el-2  el_after_av_codeblock  avia-builder-el-last  underline_white_bold text-shadow align-left'><h1 class='av-special-heading-tag '  itemprop=\"headline\"  >Vinothek <span class='special_amp'>&<\/span> Verkostungen<\/h1><div class=\"special-heading-border\"><div class=\"special-heading-inner-border\"><\/div><\/div><\/div>\n\n<\/div><\/div><\/main><!-- close content main element --><\/div><\/div><\/div><div id='vinothek'  class='av-layout-grid-container av-ka271tw2-65947ed270bc621598cec378b43b53bd entry-content-wrapper main_color av-flex-cells  avia-builder-el-3  el_after_av_section  avia-builder-el-last  grid-image-left av-cell-min-height av-cell-min-height-75 grid-row-not-first  container_wrap fullsize'   data-av_minimum_height_pc='75'>\n\n<style type=\"text\/css\" data-created_by=\"avia_inline_auto\" id=\"style-css-av-ka26yuzi-663b81fa354b199bf9fc29637cb1c841\">\n.flex_cell.av-ka26yuzi-663b81fa354b199bf9fc29637cb1c841{\nvertical-align:top;\nbackground:url(https:\/\/www.domaene-wachau.at\/wp-content\/uploads\/2020\/09\/20200831_DW-Verkostung_0017.jpg) 50% 50% no-repeat scroll ;\n}\n.responsive #top #wrap_all .flex_cell.av-ka26yuzi-663b81fa354b199bf9fc29637cb1c841{\npadding:30px 30px 30px 30px !important;\n}\n<\/style>\n<div class='flex_cell av-ka26yuzi-663b81fa354b199bf9fc29637cb1c841 av-gridrow-cell av_one_half no_margin  avia-builder-el-4  el_before_av_cell_one_half  avia-builder-el-first  avia-full-stretch'  ><div class='flex_cell_inner'><\/div><\/div>\n<style type=\"text\/css\" data-created_by=\"avia_inline_auto\" id=\"style-css-av-2hkh1-f7fbd13cec3b9b85082abdeb52857a0a\">\n.flex_cell.av-2hkh1-f7fbd13cec3b9b85082abdeb52857a0a{\nvertical-align:middle;\n}\n.responsive #top #wrap_all .flex_cell.av-2hkh1-f7fbd13cec3b9b85082abdeb52857a0a{\npadding:30px 30px 30px 30px !important;\n}\n<\/style>\n<div class='flex_cell av-2hkh1-f7fbd13cec3b9b85082abdeb52857a0a av-gridrow-cell av_one_half no_margin  avia-builder-el-5  el_after_av_cell_one_half  avia-builder-el-last '  ><div class='flex_cell_inner'><p>\n<style type=\"text\/css\" data-created_by=\"avia_inline_auto\" id=\"style-css-av-2nfu6t-a3d6ee948992237c30061d9514b57eef\">\n#top .av-special-heading.av-2nfu6t-a3d6ee948992237c30061d9514b57eef{\npadding-bottom:10px;\n}\nbody .av-special-heading.av-2nfu6t-a3d6ee948992237c30061d9514b57eef .av-special-heading-tag .heading-char{\nfont-size:25px;\n}\n.av-special-heading.av-2nfu6t-a3d6ee948992237c30061d9514b57eef .av-subheading{\nfont-size:15px;\n}\n<\/style>\n<div  class='av-special-heading av-2nfu6t-a3d6ee948992237c30061d9514b57eef av-special-heading-h2 blockquote modern-quote modern-centered  avia-builder-el-6  el_before_av_textblock  avia-builder-el-first  underline_black_light align-left'><h2 class='av-special-heading-tag '  itemprop=\"headline\"  >Vinothek <span class='special_amp'>&<\/span> Verkostungen<\/h2><div class=\"special-heading-border\"><div class=\"special-heading-inner-border\"><\/div><\/div><\/div><br \/>\n<section  class='av_textblock_section av-1kybl-4c65770c8f6b4386855103e76b40d316 '   itemscope=\"itemscope\" itemtype=\"https:\/\/schema.org\/CreativeWork\" ><div class='avia_textblock'  itemprop=\"text\" ><p><strong>April-Oktober: MO-FR 10-17 Uhr | SA 10-14 Uhr<br \/>\nNovember-M\u00e4rz MO-FR 10-17 Uhr<br \/>\n<\/strong><strong>(an Feiertagen geschlossen)<\/strong><\/p>\n<p>In unserer Vinothek erlebt man die ganze Vielfalt des Weinguts Dom\u00e4ne Wachau \u2013 von Steinfeder bis Smaragd, vom Trenning bis zum Loibenberg. Unsere Weine k\u00f6nnen verkostet und zu Ab-Hof-Preisen gekauft werden. Erg\u00e4nzt wird das Angebot durch ausgew\u00e4hlte Spezialit\u00e4ten aus der Wachau.<\/p>\n<p><strong>WEINVERKOSTUNG | \u20ac 5,00<\/strong><br \/>\n3 Weine<br \/>\nDie Verkostungsgeb\u00fchr wird bei einem Einkauf ab \u20ac 50,00 gutgeschrieben.<\/p>\n<p><strong>WEINVERKOSTUNG PLUS | \u20ac 10,00<\/strong><br \/>\nBis zu 6 Weine<br \/>\nDie Verkostungsgeb\u00fchr wird bei einem Einkauf ab \u20ac 80,00 gutgeschrieben.<\/p>\n<p>Keine Voranmeldung erforderlich. Verkostungen sind w\u00e4hrend der \u00d6ffnungszeiten jederzeit m\u00f6glich.<\/p>\n<\/div><\/section><br \/>\n<div  class='hr av-2491d1-b51f092bba16aad60a366b97e481dc21 hr-default  avia-builder-el-8  el_after_av_textblock  el_before_av_textblock '><span class='hr-inner '><span class=\"hr-inner-style\"><\/span><\/span><\/div><br \/>\n<section  class='av_textblock_section av-kwm2cpne-64b3e60147d6f5fbcc8da9071162c428 '   itemscope=\"itemscope\" itemtype=\"https:\/\/schema.org\/CreativeWork\" ><div class='avia_textblock'  itemprop=\"text\" ><p><em>&gt; Strom tanken & Wein shoppen: Wir haben eine E-Tankstelle direkt am Weingut. Hier k\u00f6nnen unsere Kunden w\u00e4hrend eines Einkaufs in der Vinothek bequem Ihr Elektroauto oder E-Bike laden. Funktioniert mit allen g\u00e4ngigen Tankkarten sowie Kreditkarten.<\/em><\/p>\n<\/div><\/section><\/p>\n<\/div><\/div><\/div>\n","protected":false},"excerpt":{"rendered":"","protected":false},"author":8447,"featured_media":0,"parent":1214,"menu_order":0,"comment_status":"closed","ping_status":"closed","template":"","meta":{"_acf_changed":false,"_tec_requires_first_save":true,"_price":"","_stock":"","_tribe_ticket_header":"","_tribe_default_ticket_provider":"","_tribe_ticket_capacity":"0","_ticket_start_date":"","_ticket_end_date":"","_tribe_ticket_show_description":"","_tribe_ticket_show_not_going":false,"_tribe_ticket_use_global_stock":"","_tribe_ticket_global_stock_level":"","_global_stock_mode":"","_global_stock_cap":"","_tribe_rsvp_for_event":"","_tribe_ticket_going_count":"","_tribe_ticket_not_going_count":"","_tribe_tickets_list":"[]","_tribe_ticket_has_attendee_info_fields":false,"_EventAllDay":false,"_EventTimezone":"","_EventStartDate":"","_EventEndDate":"","_EventStartDateUTC":"","_EventEndDateUTC":"","_EventShowMap":false,"_EventShowMapLink":false,"_EventURL":"","_EventCost":"","_EventCostDescription":"","_EventCurrencySymbol":"","_EventCurrencyCode":"","_EventCurrencyPosition":"","_EventDateTimeSeparator":"","_EventTimeRangeSeparator":"","_EventOrganizerID":[],"_EventVenueID":[],"_OrganizerEmail":"","_OrganizerPhone":"","_OrganizerWebsite":"","_VenueAddress":"","_VenueCity":"","_VenueCountry":"","_VenueProvince":"","_VenueState":"","_VenueZip":"","_VenuePhone":"","_VenueURL":"","_VenueStateProvince":"","_VenueLat":"","_VenueLng":"","_VenueShowMap":false,"_VenueShowMapLink":false,"_tribe_blocks_recurrence_rules":"","_tribe_blocks_recurrence_description":"","_tribe_blocks_recurrence_exclusions":"","footnotes":""},"class_list":["post-2485","page","type-page","status-publish","hentry"],"acf":[],"_links":{"self":[{"href":"https:\/\/www.domaene-wachau.at\/de\/wp-json\/wp\/v2\/pages\/2485","targetHints":{"allow":["GET"]}}],"collection":[{"href":"https:\/\/www.domaene-wachau.at\/de\/wp-json\/wp\/v2\/pages"}],"about":[{"href":"https:\/\/www.domaene-wachau.at\/de\/wp-json\/wp\/v2\/types\/page"}],"author":[{"embeddable":true,"href":"https:\/\/www.domaene-wachau.at\/de\/wp-json\/wp\/v2\/users\/8447"}],"replies":[{"embeddable":true,"href":"https:\/\/www.domaene-wachau.at\/de\/wp-json\/wp\/v2\/comments?post=2485"}],"version-history":[{"count":21,"href":"https:\/\/www.domaene-wachau.at\/de\/wp-json\/wp\/v2\/pages\/2485\/revisions"}],"predecessor-version":[{"id":77315,"href":"https:\/\/www.domaene-wachau.at\/de\/wp-json\/wp\/v2\/pages\/2485\/revisions\/77315"}],"up":[{"embeddable":true,"href":"https:\/\/www.domaene-wachau.at\/de\/wp-json\/wp\/v2\/pages\/1214"}],"wp:attachment":[{"href":"https:\/\/www.domaene-wachau.at\/de\/wp-json\/wp\/v2\/media?parent=2485"}],"curies":[{"name":"wp","href":"https:\/\/api.w.org\/{rel}","templated":true}]}}