{"id":3293,"date":"2020-08-21T13:16:57","date_gmt":"2020-08-21T11:16:57","guid":{"rendered":"https:\/\/www.domaene-wachau.at\/?page_id=3293"},"modified":"2021-03-16T14:18:05","modified_gmt":"2021-03-16T13:18:05","slug":"impressum","status":"publish","type":"page","link":"https:\/\/www.domaene-wachau.at\/de\/impressum\/","title":{"rendered":"Impressum"},"content":{"rendered":"<div id='av_section_1'  class='avia-section av-20e5zh-50de05705fab0bb50a946d235d03a639 main_color avia-section-default avia-no-border-styling  avia-builder-el-0  el_before_av_codeblock  avia-builder-el-first  avia-bg-style-scroll container_wrap fullsize'  ><div class='container av-section-cont-open' ><main  role=\"main\" itemprop=\"mainContentOfPage\"  class='template-page content  av-content-full alpha units'><div class='post-entry post-entry-type-page post-entry-3293'><div class='entry-content-wrapper clearfix'>\n<section  class='av_textblock_section av-kgsft2gy-4a81ba25d15a3ccb6ad6da99561d2230 '   itemscope=\"itemscope\" itemtype=\"https:\/\/schema.org\/CreativeWork\" ><div class='avia_textblock'  itemprop=\"text\" ><h2>Impressum<\/h2>\n<p>Medieninhaber, Herausgeber und Verleger:<\/p>\n<p><strong>DOM\u00c4NE WACHAU eGen(mbH)<br \/>\nD\u00fcrnstein 107<\/strong><br \/>\n<strong>A-3601 D\u00fcrnstein<\/strong><\/p>\n<p>Unternehmensgegenstand: Handel mit Lebens- und Genussmittel<br \/>\nUID Nummer: ATU16326704<br \/>\nFirmenbuchnummer: 50313s<br \/>\nFirmenbuchgericht: Landesgericht Krems<\/p>\n<p>Telefon: +43 2711 371<br \/>\nFax: +43 2711 371-13<br \/>\nE-Mail:\u00a0<a href=\"mailto:office(at)domaene-wachau.at\">off&#105;&#99;&#101;&#64;&#x64;&#x6f;&#x6d;&#x61;&#x65;&#x6e;&#x65;-wa&#99;&#104;&#97;&#117;&#46;&#x61;&#x74;<\/a><br \/>\n<a href=\"https:\/\/www.domaene-wachau.at\/\" data-type=\"URL\" data-id=\"www.domaene-wachau.at\">www.domaene-wachau.at<\/a><\/p>\n<p>Mitgliedschaft bei der Landwirtschaftskammer Nieder\u00f6sterreich und der Wirtschaftskammer \u00d6sterreich.<br \/>\nBeh\u00f6rde gem. ECG: Bezirkshauptmannschaft Krems<br \/>\nGesch\u00e4ftsf\u00fchrer: Mag. (FH) Roman Horvath MW l Weingutsleiter<\/p>\n<\/div><\/section>\n\n<style type=\"text\/css\" data-created_by=\"avia_inline_auto\" id=\"style-css-av-klkxww57-255483d1221ad0d92c1e87b0cef2a3eb\">\n#top .hr.hr-invisible.av-klkxww57-255483d1221ad0d92c1e87b0cef2a3eb{\nheight:20px;\n}\n<\/style>\n<div  class='hr av-klkxww57-255483d1221ad0d92c1e87b0cef2a3eb hr-invisible  avia-builder-el-2  el_after_av_textblock  el_before_av_textblock '><span class='hr-inner '><span class=\"hr-inner-style\"><\/span><\/span><\/div>\n<section  class='av_textblock_section av-kgsft2gy-4a81ba25d15a3ccb6ad6da99561d2230 '   itemscope=\"itemscope\" itemtype=\"https:\/\/schema.org\/CreativeWork\" ><div class='avia_textblock'  itemprop=\"text\" ><p class=\"font_8\"><span class=\"color_15\">Alle Inhalte unseres Internetauftritts wurden mit Sorgfalt und nach bestem Gewissen erstellt. Eine Gew\u00e4hr f\u00fcr die Aktualit\u00e4t, Vollst\u00e4ndigkeit und Richtigkeit s\u00e4mtlicher Seiten kann jedoch nicht \u00fcbernommen werden. Unsere Webseite enth\u00e4lt sog. \u201eexterne Links\u201c (Verkn\u00fcpfungen zu Webseiten Dritter), auf deren Inhalt wir keinen Einfluss haben und f\u00fcr den wir aus diesem Grund keine Gew\u00e4hr \u00fcbernehmen. F\u00fcr die Inhalte und Richtigkeit der Informationen ist der jeweilige Informationsanbieter der verlinkten Webseite verantwortlich. Als die Verlinkung vorgenommen wurde, waren f\u00fcr uns keine Rechtsverst\u00f6\u00dfe erkennbar. Sollte uns eine Rechtsverletzung bekannt werden, wird der jeweilige Link umgehend von uns entfernt.<\/span><\/p>\n<p class=\"font_8\"><span class=\"color_15\">Die auf dieser Webseite ver\u00f6ffentlichten Inhalte und Werke unterliegen dem \u00f6sterreichischen Urheberrecht. Jede Art der Vervielf\u00e4ltigung, Bearbeitung, Verbreitung und jede Art der Verwertung au\u00dferhalb der Grenzen des Urheberrechts bedarf der vorherigen schriftlichen Zustimmung des jeweiligen Urhebers bzw. Autors. Durch den Besuch unseres Internetauftritts k\u00f6nnen Informationen \u00fcber den Zugriff (Datum, Uhrzeit, aufgerufene Seite) auf dem Server gespeichert werden. Dies stellt keine Auswertung personenbezogener Daten (z.B. Name, Anschrift oder E-Mail Adresse) dar. Sofern personenbezogene Daten erhoben werden, erfolgt dies \u2013 sofern m\u00f6glich \u2013 nur mit dem vorherigen Einverst\u00e4ndnis des Nutzers der Webseite. Eine Weiterleitung der Daten an Dritte findet ohne ausdr\u00fcckliche Zustimmung des Nutzers nicht statt.<\/span><\/p>\n<\/div><\/section>\n\n<style type=\"text\/css\" data-created_by=\"avia_inline_auto\" id=\"style-css-av-klkxww57-013c0b239c4340a8b1a107eaea8e4585\">\n#top .hr.hr-invisible.av-klkxww57-013c0b239c4340a8b1a107eaea8e4585{\nheight:40px;\n}\n<\/style>\n<div  class='hr av-klkxww57-013c0b239c4340a8b1a107eaea8e4585 hr-invisible  avia-builder-el-4  el_after_av_textblock  el_before_av_textblock '><span class='hr-inner '><span class=\"hr-inner-style\"><\/span><\/span><\/div>\n<section  class='av_textblock_section av-kgsft2gy-4a81ba25d15a3ccb6ad6da99561d2230 '   itemscope=\"itemscope\" itemtype=\"https:\/\/schema.org\/CreativeWork\" ><div class='avia_textblock'  itemprop=\"text\" ><h3><strong>Webdesign & technische Realisierung:<\/strong><\/h3>\n<div><a href=\"https:\/\/ameisenhaufen.at\/\">Ameisenhaufen.at<\/a><\/div>\n<div>Wattgasse 48<\/div>\n<div>1170 Wien<\/div>\n<div>\u00d6sterreich<\/div>\n<\/div><\/section>\n<\/div><\/div><\/main><!-- close content main element --><\/div><\/div><div id='after_section_1'  class='main_color av_default_container_wrap container_wrap fullsize'  ><div class='container av-section-cont-open' ><div class='template-page content  av-content-full alpha units'><div class='post-entry post-entry-type-page post-entry-3293'><div class='entry-content-wrapper clearfix'><\/p>\n","protected":false},"excerpt":{"rendered":"","protected":false},"author":8447,"featured_media":0,"parent":0,"menu_order":0,"comment_status":"closed","ping_status":"closed","template":"","meta":{"_acf_changed":false,"_tec_requires_first_save":true,"_price":"","_stock":"","_tribe_ticket_header":"","_tribe_default_ticket_provider":"","_tribe_ticket_capacity":"0","_ticket_start_date":"","_ticket_end_date":"","_tribe_ticket_show_description":"","_tribe_ticket_show_not_going":false,"_tribe_ticket_use_global_stock":"","_tribe_ticket_global_stock_level":"","_global_stock_mode":"","_global_stock_cap":"","_tribe_rsvp_for_event":"","_tribe_ticket_going_count":"","_tribe_ticket_not_going_count":"","_tribe_tickets_list":"[]","_tribe_ticket_has_attendee_info_fields":false,"_EventAllDay":false,"_EventTimezone":"","_EventStartDate":"","_EventEndDate":"","_EventStartDateUTC":"","_EventEndDateUTC":"","_EventShowMap":false,"_EventShowMapLink":false,"_EventURL":"","_EventCost":"","_EventCostDescription":"","_EventCurrencySymbol":"","_EventCurrencyCode":"","_EventCurrencyPosition":"","_EventDateTimeSeparator":"","_EventTimeRangeSeparator":"","_EventOrganizerID":[],"_EventVenueID":[],"_OrganizerEmail":"","_OrganizerPhone":"","_OrganizerWebsite":"","_VenueAddress":"","_VenueCity":"","_VenueCountry":"","_VenueProvince":"","_VenueState":"","_VenueZip":"","_VenuePhone":"","_VenueURL":"","_VenueStateProvince":"","_VenueLat":"","_VenueLng":"","_VenueShowMap":false,"_VenueShowMapLink":false,"_tribe_blocks_recurrence_rules":"","_tribe_blocks_recurrence_description":"","_tribe_blocks_recurrence_exclusions":"","footnotes":""},"class_list":["post-3293","page","type-page","status-publish","hentry"],"acf":[],"_links":{"self":[{"href":"https:\/\/www.domaene-wachau.at\/de\/wp-json\/wp\/v2\/pages\/3293","targetHints":{"allow":["GET"]}}],"collection":[{"href":"https:\/\/www.domaene-wachau.at\/de\/wp-json\/wp\/v2\/pages"}],"about":[{"href":"https:\/\/www.domaene-wachau.at\/de\/wp-json\/wp\/v2\/types\/page"}],"author":[{"embeddable":true,"href":"https:\/\/www.domaene-wachau.at\/de\/wp-json\/wp\/v2\/users\/8447"}],"replies":[{"embeddable":true,"href":"https:\/\/www.domaene-wachau.at\/de\/wp-json\/wp\/v2\/comments?post=3293"}],"version-history":[{"count":1,"href":"https:\/\/www.domaene-wachau.at\/de\/wp-json\/wp\/v2\/pages\/3293\/revisions"}],"predecessor-version":[{"id":71626,"href":"https:\/\/www.domaene-wachau.at\/de\/wp-json\/wp\/v2\/pages\/3293\/revisions\/71626"}],"wp:attachment":[{"href":"https:\/\/www.domaene-wachau.at\/de\/wp-json\/wp\/v2\/media?parent=3293"}],"curies":[{"name":"wp","href":"https:\/\/api.w.org\/{rel}","templated":true}]}}