{"id":409,"date":"2020-05-29T18:41:05","date_gmt":"2020-05-29T16:41:05","guid":{"rendered":"https:\/\/www.domaene-wachau.at\/?page_id=409"},"modified":"2020-11-05T12:24:34","modified_gmt":"2020-11-05T11:24:34","slug":"gruener-veltliner-weinbrand-xa22","status":"publish","type":"page","link":"https:\/\/www.domaene-wachau.at\/de\/unsere-weine\/gruener-veltliner-weinbrand-xa22\/","title":{"rendered":"Gr\u00fcner Veltliner Weinbrand XA22"},"content":{"rendered":"\n<style type=\"text\/css\" data-created_by=\"avia_inline_auto\" id=\"style-css-av-ka3mrj5d-98f026ce9bdb756232656b007be30816\">\n.avia-section.av-ka3mrj5d-98f026ce9bdb756232656b007be30816{\nbackground-repeat:no-repeat;\nbackground-image:url(https:\/\/www.domaene-wachau.at\/wp-content\/uploads\/2020\/05\/DW_Faesser_Keller.jpg);\nbackground-position:50% 0%;\nbackground-attachment:fixed;\n}\n<\/style>\n<div id='av_section_1'  class='avia-section av-ka3mrj5d-98f026ce9bdb756232656b007be30816 alternate_color avia-section-default avia-no-border-styling  avia-builder-el-0  el_before_av_section  avia-builder-el-first  avia-full-stretch avia-bg-style-fixed av-minimum-height av-minimum-height-100 av-height-100  container_wrap fullsize'  data-section-bg-repeat='stretch' data-av_minimum_height_pc='100' data-av_min_height_opt='100'><div class='container av-section-cont-open' ><main  role=\"main\" itemprop=\"mainContentOfPage\"  class='template-page content  av-content-full alpha units'><div class='post-entry post-entry-type-page post-entry-409'><div class='entry-content-wrapper clearfix'>\n\n\n<style type=\"text\/css\" data-created_by=\"avia_inline_auto\" id=\"style-css-av-8tjn5-b9604ed5c140daba3bcbcb807a5ecee6\">\n#top .av-special-heading.av-8tjn5-b9604ed5c140daba3bcbcb807a5ecee6{\npadding-bottom:10px;\ncolor:#ffffff;\n}\nbody .av-special-heading.av-8tjn5-b9604ed5c140daba3bcbcb807a5ecee6 .av-special-heading-tag .heading-char{\nfont-size:25px;\n}\n.av-special-heading.av-8tjn5-b9604ed5c140daba3bcbcb807a5ecee6 .special-heading-inner-border{\nborder-color:#ffffff;\n}\n.av-special-heading.av-8tjn5-b9604ed5c140daba3bcbcb807a5ecee6 .av-subheading{\nfont-size:15px;\n}\n<\/style>\n<div  class='av-special-heading av-8tjn5-b9604ed5c140daba3bcbcb807a5ecee6 av-special-heading-h1 custom-color-heading blockquote modern-quote modern-centered  avia-builder-el-2  el_after_av_codeblock  avia-builder-el-last  underline_white_bold align-left'><h1 class='av-special-heading-tag '  itemprop=\"headline\"  >Gr\u00fcner Veltliner Weinbrand XA22<\/h1><div class=\"special-heading-border\"><div class=\"special-heading-inner-border\"><\/div><\/div><\/div>\n\n<\/div><\/div><\/main><!-- close content main element --><\/div><\/div>\n<style type=\"text\/css\" data-created_by=\"avia_inline_auto\" id=\"style-css-av-ka3mv275-3905b521f46d3bad326b19325c3d284b\">\n.avia-section.av-ka3mv275-3905b521f46d3bad326b19325c3d284b{\nmargin-top:50px;\nmargin-bottom:50px;\n}\n<\/style>\n<div id='av_section_2'  class='avia-section av-ka3mv275-3905b521f46d3bad326b19325c3d284b main_color avia-section-default avia-no-border-styling  avia-builder-el-3  el_after_av_section  el_before_av_hr  avia-bg-style-scroll container_wrap fullsize'  ><div class='container av-section-cont-open' ><div class='template-page content  av-content-full alpha units'><div class='post-entry post-entry-type-page post-entry-409'><div class='entry-content-wrapper clearfix'>\n\n<style type=\"text\/css\" data-created_by=\"avia_inline_auto\" id=\"style-css-av-8mj3t-26eeeae7040e4bc21cb019647cae9ce3\">\n.flex_column.av-8mj3t-26eeeae7040e4bc21cb019647cae9ce3{\nborder-radius:0px 0px 0px 0px;\npadding:0px 0px 0px 0px;\n}\n<\/style>\n<div  class='flex_column av-8mj3t-26eeeae7040e4bc21cb019647cae9ce3 av_two_third  avia-builder-el-4  avia-builder-el-no-sibling  first flex_column_div av-zero-column-padding  '     ><p>\n<style type=\"text\/css\" data-created_by=\"avia_inline_auto\" id=\"style-css-av-85qe1-87cfb977e3fe84fe4b129fc3e3032b94\">\n#top .av-special-heading.av-85qe1-87cfb977e3fe84fe4b129fc3e3032b94{\npadding-bottom:10px;\n}\nbody .av-special-heading.av-85qe1-87cfb977e3fe84fe4b129fc3e3032b94 .av-special-heading-tag .heading-char{\nfont-size:25px;\n}\n.av-special-heading.av-85qe1-87cfb977e3fe84fe4b129fc3e3032b94 .av-subheading{\nfont-size:15px;\n}\n<\/style>\n<div  class='av-special-heading av-85qe1-87cfb977e3fe84fe4b129fc3e3032b94 av-special-heading-h2 blockquote modern-quote modern-centered  avia-builder-el-5  el_before_av_textblock  avia-builder-el-first  underline_black_light align-left'><h2 class='av-special-heading-tag '  itemprop=\"headline\"  >Gr\u00fcner Veltliner Weinbrand XA22<\/h2><div class=\"special-heading-border\"><div class=\"special-heading-inner-border\"><\/div><\/div><\/div><br \/>\n<section  class='av_textblock_section av-ka3mtzn1-523c72f18744ede3c313b3e81526b87e '   itemscope=\"itemscope\" itemtype=\"https:\/\/schema.org\/CreativeWork\" ><div class='avia_textblock'  itemprop=\"text\" ><p>Wir produzieren\u00a0auch herkunftsorientierte Edelbr\u00e4nde, gepr\u00e4gt von Rebsorte und Terroir. Die Br\u00e4nde werden in Kupferkesseln doppelt gebrannt und es wird ihnen kein Zucker, kein Fremdalkohol und auch kein Aromastoff zugesetzt. Es handelt sich um 100% reine Destillate mit garantierter Wachauer Herkunft. Diese feinen Destillate werden in kleinen Eichenholzf\u00e4ssern gelagert, wodurch sie ihre einzigartige Finesse und Vielschichtigkeit erlangen. Wie die Weine der Wachau sind auch die daraus destillierten Weinbr\u00e4nde von einem v\u00f6llig eigenst\u00e4ndigen Charakter gepr\u00e4gt: Geradlinig, linear, sehr trocken aber dennoch von einer geb\u00fcndelten Fruchtkomponente getragen. Kraft und Reife sind die besonderen Tugenden unserer Weinbr\u00e4nde.<\/p>\n<\/div><\/section><\/p><\/div>\n<\/div><\/div><\/div><!-- close content main div --><\/div><\/div><div id='after_section_2'  class='main_color av_default_container_wrap container_wrap fullsize'  ><div class='container av-section-cont-open' ><div class='template-page content  av-content-full alpha units'><div class='post-entry post-entry-type-page post-entry-409'><div class='entry-content-wrapper clearfix'>\n\n<style type=\"text\/css\" data-created_by=\"avia_inline_auto\" id=\"style-css-av-kc64zqpu-cb7c03be02deaa215021ee4d29fc33c4\">\n#top .hr.hr-invisible.av-kc64zqpu-cb7c03be02deaa215021ee4d29fc33c4{\nmargin-top:-100px;\nheight:1px;\n}\n<\/style>\n<div  class='hr av-kc64zqpu-cb7c03be02deaa215021ee4d29fc33c4 hr-invisible  avia-builder-el-7  el_after_av_section  el_before_av_codeblock  avia-builder-el-first '><span class='hr-inner '><span class=\"hr-inner-style\"><\/span><\/span><\/div>\n\n","protected":false},"excerpt":{"rendered":"","protected":false},"author":8447,"featured_media":0,"parent":17,"menu_order":0,"comment_status":"closed","ping_status":"closed","template":"","meta":{"_acf_changed":false,"_tec_requires_first_save":true,"_price":"","_stock":"","_tribe_ticket_header":"","_tribe_default_ticket_provider":"","_tribe_ticket_capacity":"0","_ticket_start_date":"","_ticket_end_date":"","_tribe_ticket_show_description":"","_tribe_ticket_show_not_going":false,"_tribe_ticket_use_global_stock":"","_tribe_ticket_global_stock_level":"","_global_stock_mode":"","_global_stock_cap":"","_tribe_rsvp_for_event":"","_tribe_ticket_going_count":"","_tribe_ticket_not_going_count":"","_tribe_tickets_list":"[]","_tribe_ticket_has_attendee_info_fields":false,"_EventAllDay":false,"_EventTimezone":"","_EventStartDate":"","_EventEndDate":"","_EventStartDateUTC":"","_EventEndDateUTC":"","_EventShowMap":false,"_EventShowMapLink":false,"_EventURL":"","_EventCost":"","_EventCostDescription":"","_EventCurrencySymbol":"","_EventCurrencyCode":"","_EventCurrencyPosition":"","_EventDateTimeSeparator":"","_EventTimeRangeSeparator":"","_EventOrganizerID":[],"_EventVenueID":[],"_OrganizerEmail":"","_OrganizerPhone":"","_OrganizerWebsite":"","_VenueAddress":"","_VenueCity":"","_VenueCountry":"","_VenueProvince":"","_VenueState":"","_VenueZip":"","_VenuePhone":"","_VenueURL":"","_VenueStateProvince":"","_VenueLat":"","_VenueLng":"","_VenueShowMap":false,"_VenueShowMapLink":false,"_tribe_blocks_recurrence_rules":"","_tribe_blocks_recurrence_description":"","_tribe_blocks_recurrence_exclusions":"","footnotes":""},"class_list":["post-409","page","type-page","status-publish","hentry"],"acf":[],"_links":{"self":[{"href":"https:\/\/www.domaene-wachau.at\/de\/wp-json\/wp\/v2\/pages\/409","targetHints":{"allow":["GET"]}}],"collection":[{"href":"https:\/\/www.domaene-wachau.at\/de\/wp-json\/wp\/v2\/pages"}],"about":[{"href":"https:\/\/www.domaene-wachau.at\/de\/wp-json\/wp\/v2\/types\/page"}],"author":[{"embeddable":true,"href":"https:\/\/www.domaene-wachau.at\/de\/wp-json\/wp\/v2\/users\/8447"}],"replies":[{"embeddable":true,"href":"https:\/\/www.domaene-wachau.at\/de\/wp-json\/wp\/v2\/comments?post=409"}],"version-history":[{"count":0,"href":"https:\/\/www.domaene-wachau.at\/de\/wp-json\/wp\/v2\/pages\/409\/revisions"}],"up":[{"embeddable":true,"href":"https:\/\/www.domaene-wachau.at\/de\/wp-json\/wp\/v2\/pages\/17"}],"wp:attachment":[{"href":"https:\/\/www.domaene-wachau.at\/de\/wp-json\/wp\/v2\/media?parent=409"}],"curies":[{"name":"wp","href":"https:\/\/api.w.org\/{rel}","templated":true}]}}