{"id":412,"date":"2020-05-29T18:44:11","date_gmt":"2020-05-29T16:44:11","guid":{"rendered":"https:\/\/www.domaene-wachau.at\/?page_id=412"},"modified":"2025-08-25T11:14:36","modified_gmt":"2025-08-25T09:14:36","slug":"wachauer-spezialitaeten","status":"publish","type":"page","link":"https:\/\/www.domaene-wachau.at\/de\/unsere-weine\/wachauer-spezialitaeten\/","title":{"rendered":"Regionale Wachauer Spezialit\u00e4ten"},"content":{"rendered":"\n<style type=\"text\/css\" data-created_by=\"avia_inline_auto\" id=\"style-css-av-ka3mrj5d-58b5940fe749b1cca4379f30095846e4\">\n.avia-section.av-ka3mrj5d-58b5940fe749b1cca4379f30095846e4{\nbackground-repeat:no-repeat;\nbackground-image:url(https:\/\/www.domaene-wachau.at\/wp-content\/uploads\/2020\/09\/DW_Sortiment-Genussprodukte_Banner.jpg);\nbackground-position:50% 0%;\nbackground-attachment:fixed;\n}\n<\/style>\n<div id='av_section_1'  class='avia-section av-ka3mrj5d-58b5940fe749b1cca4379f30095846e4 alternate_color avia-section-default avia-no-border-styling  avia-builder-el-0  el_before_av_section  avia-builder-el-first  avia-full-stretch avia-bg-style-fixed av-minimum-height av-minimum-height-100 av-height-100  container_wrap fullsize'  data-section-bg-repeat='stretch' data-av_minimum_height_pc='100' data-av_min_height_opt='100'><div class='container av-section-cont-open' ><main  role=\"main\" itemprop=\"mainContentOfPage\"  class='template-page content  av-content-full alpha units'><div class='post-entry post-entry-type-page post-entry-412'><div class='entry-content-wrapper clearfix'>\n\n\n<style type=\"text\/css\" data-created_by=\"avia_inline_auto\" id=\"style-css-av-kcu9adpl-6b34fdeb4a185ef59aae4041d90201f4\">\n#top .av-special-heading.av-kcu9adpl-6b34fdeb4a185ef59aae4041d90201f4{\npadding-bottom:10px;\ncolor:#ffffff;\n}\nbody .av-special-heading.av-kcu9adpl-6b34fdeb4a185ef59aae4041d90201f4 .av-special-heading-tag .heading-char{\nfont-size:25px;\n}\n.av-special-heading.av-kcu9adpl-6b34fdeb4a185ef59aae4041d90201f4 .special-heading-inner-border{\nborder-color:#ffffff;\n}\n.av-special-heading.av-kcu9adpl-6b34fdeb4a185ef59aae4041d90201f4 .av-subheading{\nfont-size:15px;\n}\n<\/style>\n<div  class='av-special-heading av-kcu9adpl-6b34fdeb4a185ef59aae4041d90201f4 av-special-heading-h1 custom-color-heading blockquote modern-quote modern-centered  avia-builder-el-2  el_after_av_codeblock  avia-builder-el-last  underline_white_bold align-left'><h1 class='av-special-heading-tag '  itemprop=\"headline\"  >Regionale Wachauer Spezialit\u00e4ten<\/h1><div class=\"special-heading-border\"><div class=\"special-heading-inner-border\"><\/div><\/div><\/div>\n\n<\/div><\/div><\/main><!-- close content main element --><\/div><\/div>\n<style type=\"text\/css\" data-created_by=\"avia_inline_auto\" id=\"style-css-av-ka3mv275-01f65218bc45e00da26160f8f04ccd4e\">\n.avia-section.av-ka3mv275-01f65218bc45e00da26160f8f04ccd4e{\nmargin-top:50px;\nmargin-bottom:0;\n}\n<\/style>\n<div id='av_section_2'  class='avia-section av-ka3mv275-01f65218bc45e00da26160f8f04ccd4e main_color avia-section-default avia-no-border-styling  avia-builder-el-3  el_after_av_section  el_before_av_hr  avia-bg-style-scroll container_wrap fullsize'  ><div class='container av-section-cont-open' ><div class='template-page content  av-content-full alpha units'><div class='post-entry post-entry-type-page post-entry-412'><div class='entry-content-wrapper clearfix'>\n\n<style type=\"text\/css\" data-created_by=\"avia_inline_auto\" id=\"style-css-av-8mj3t-26eeeae7040e4bc21cb019647cae9ce3\">\n.flex_column.av-8mj3t-26eeeae7040e4bc21cb019647cae9ce3{\nborder-radius:0px 0px 0px 0px;\npadding:0px 0px 0px 0px;\n}\n<\/style>\n<div  class='flex_column av-8mj3t-26eeeae7040e4bc21cb019647cae9ce3 av_two_third  avia-builder-el-4  avia-builder-el-no-sibling  first flex_column_div av-zero-column-padding  '     ><p>\n<style type=\"text\/css\" data-created_by=\"avia_inline_auto\" id=\"style-css-av-19so64-29314183f56dfc5b4eb3b245ee307b1b\">\n#top .av-special-heading.av-19so64-29314183f56dfc5b4eb3b245ee307b1b{\npadding-bottom:10px;\n}\nbody .av-special-heading.av-19so64-29314183f56dfc5b4eb3b245ee307b1b .av-special-heading-tag .heading-char{\nfont-size:25px;\n}\n.av-special-heading.av-19so64-29314183f56dfc5b4eb3b245ee307b1b .av-subheading{\nfont-size:15px;\n}\n<\/style>\n<div  class='av-special-heading av-19so64-29314183f56dfc5b4eb3b245ee307b1b av-special-heading-h2 blockquote modern-quote modern-centered  avia-builder-el-5  el_before_av_textblock  avia-builder-el-first  underline_black_light align-left'><h2 class='av-special-heading-tag '  itemprop=\"headline\"  >Regionale Wachauer Spezialit\u00e4ten<\/h2><div class=\"special-heading-border\"><div class=\"special-heading-inner-border\"><\/div><\/div><\/div><br \/>\n<section  class='av_textblock_section av-ka3mtzn1-523c72f18744ede3c313b3e81526b87e '   itemscope=\"itemscope\" itemtype=\"https:\/\/schema.org\/CreativeWork\" ><div class='avia_textblock'  itemprop=\"text\" ><p>Ob s\u00fc\u00df, scharf oder fl\u00fcssig: Unsere Klassiker erfreuen sich einer immer gr\u00f6\u00dferen Anh\u00e4ngerschaft. Hergestellt von unseren langj\u00e4hrigen regionalen Partnern, erf\u00fcllen sie allerh\u00f6chste qualitative Anspr\u00fcche und sind die perfekte Erg\u00e4nzung zu unserem Weinsortiment.<\/p>\n<\/div><\/section><\/p><\/div>\n<\/div><\/div><\/div><!-- close content main div --><\/div><\/div><div id='after_section_2'  class='main_color av_default_container_wrap container_wrap fullsize'  ><div class='container av-section-cont-open' ><div class='template-page content  av-content-full alpha units'><div class='post-entry post-entry-type-page post-entry-412'><div class='entry-content-wrapper clearfix'>\n\n<style type=\"text\/css\" data-created_by=\"avia_inline_auto\" id=\"style-css-av-147qdg-e831d10b23122bfc0486be8eac1cbc99\">\n#top .hr.hr-invisible.av-147qdg-e831d10b23122bfc0486be8eac1cbc99{\nmargin-top:-100px;\nheight:1px;\n}\n<\/style>\n<div  class='hr av-147qdg-e831d10b23122bfc0486be8eac1cbc99 hr-invisible  avia-builder-el-7  el_after_av_section  el_before_av_codeblock  avia-builder-el-first  av-small-hide av-mini-hide'><span class='hr-inner '><span class=\"hr-inner-style\"><\/span><\/span><\/div>\n\n<div  class='hr av-147qdg-4-a1c4b69290b090c8d0783fc904b2f72e hr-default  avia-builder-el-9  el_after_av_codeblock  el_before_av_heading '><span class='hr-inner '><span class=\"hr-inner-style\"><\/span><\/span><\/div>\n\n<style type=\"text\/css\" data-created_by=\"avia_inline_auto\" id=\"style-css-av-n9zr8-6ca0270ea348eab5ecd97c87b4506683\">\n#top .av-special-heading.av-n9zr8-6ca0270ea348eab5ecd97c87b4506683{\npadding-bottom:10px;\n}\nbody .av-special-heading.av-n9zr8-6ca0270ea348eab5ecd97c87b4506683 .av-special-heading-tag .heading-char{\nfont-size:25px;\n}\n.av-special-heading.av-n9zr8-6ca0270ea348eab5ecd97c87b4506683 .av-subheading{\nfont-size:15px;\n}\n<\/style>\n<div  class='av-special-heading av-n9zr8-6ca0270ea348eab5ecd97c87b4506683 av-special-heading-h2 blockquote modern-quote modern-centered  avia-builder-el-10  el_after_av_hr  el_before_av_codeblock  underline_black_light align-left'><h2 class='av-special-heading-tag '  itemprop=\"headline\"  >Br\u00e4nde <span class='special_amp'>&<\/span> Lik\u00f6re<\/h2><div class=\"special-heading-border\"><div class=\"special-heading-inner-border\"><\/div><\/div><\/div>\n\n<div  class='hr av-t2jh0-d6968076fb7b46695b7008b7c296346b hr-default  avia-builder-el-12  el_after_av_codeblock  el_before_av_heading '><span class='hr-inner '><span class=\"hr-inner-style\"><\/span><\/span><\/div>\n\n<style type=\"text\/css\" data-created_by=\"avia_inline_auto\" id=\"style-css-av-dv684-6fa4023e896b962fe22d72a7451c38ba\">\n#top .av-special-heading.av-dv684-6fa4023e896b962fe22d72a7451c38ba{\npadding-bottom:10px;\n}\nbody .av-special-heading.av-dv684-6fa4023e896b962fe22d72a7451c38ba .av-special-heading-tag .heading-char{\nfont-size:25px;\n}\n.av-special-heading.av-dv684-6fa4023e896b962fe22d72a7451c38ba .av-subheading{\nfont-size:15px;\n}\n<\/style>\n<div  class='av-special-heading av-dv684-6fa4023e896b962fe22d72a7451c38ba av-special-heading-h2 blockquote modern-quote modern-centered  avia-builder-el-13  el_after_av_hr  el_before_av_codeblock  underline_black_light align-left'><h2 class='av-special-heading-tag '  itemprop=\"headline\"  >Gl\u00fchwein<\/h2><div class=\"special-heading-border\"><div class=\"special-heading-inner-border\"><\/div><\/div><\/div>\n\n<div  class='hr av-dt6gs-fbbe9ab0c8b87828c76414feb3e753ed hr-default  avia-builder-el-15  el_after_av_codeblock  el_before_av_heading '><span class='hr-inner '><span class=\"hr-inner-style\"><\/span><\/span><\/div>\n\n<style type=\"text\/css\" data-created_by=\"avia_inline_auto\" id=\"style-css-av-6so6s-08c3b28977b9d9e8124a6533bb1c1300\">\n#top .av-special-heading.av-6so6s-08c3b28977b9d9e8124a6533bb1c1300{\npadding-bottom:10px;\n}\nbody .av-special-heading.av-6so6s-08c3b28977b9d9e8124a6533bb1c1300 .av-special-heading-tag .heading-char{\nfont-size:25px;\n}\n.av-special-heading.av-6so6s-08c3b28977b9d9e8124a6533bb1c1300 .av-subheading{\nfont-size:15px;\n}\n<\/style>\n<div  class='av-special-heading av-6so6s-08c3b28977b9d9e8124a6533bb1c1300 av-special-heading-h2 blockquote modern-quote modern-centered  avia-builder-el-16  el_after_av_hr  el_before_av_codeblock  underline_black_light align-left'><h2 class='av-special-heading-tag '  itemprop=\"headline\"  >Alkoholfrei<\/h2><div class=\"special-heading-border\"><div class=\"special-heading-inner-border\"><\/div><\/div><\/div>\n\n","protected":false},"excerpt":{"rendered":"","protected":false},"author":8447,"featured_media":0,"parent":17,"menu_order":0,"comment_status":"closed","ping_status":"closed","template":"","meta":{"_acf_changed":false,"_tec_requires_first_save":true,"_price":"","_stock":"","_tribe_ticket_header":"","_tribe_default_ticket_provider":"","_tribe_ticket_capacity":"0","_ticket_start_date":"","_ticket_end_date":"","_tribe_ticket_show_description":"","_tribe_ticket_show_not_going":false,"_tribe_ticket_use_global_stock":"","_tribe_ticket_global_stock_level":"","_global_stock_mode":"","_global_stock_cap":"","_tribe_rsvp_for_event":"","_tribe_ticket_going_count":"","_tribe_ticket_not_going_count":"","_tribe_tickets_list":"[]","_tribe_ticket_has_attendee_info_fields":false,"_EventAllDay":false,"_EventTimezone":"","_EventStartDate":"","_EventEndDate":"","_EventStartDateUTC":"","_EventEndDateUTC":"","_EventShowMap":false,"_EventShowMapLink":false,"_EventURL":"","_EventCost":"","_EventCostDescription":"","_EventCurrencySymbol":"","_EventCurrencyCode":"","_EventCurrencyPosition":"","_EventDateTimeSeparator":"","_EventTimeRangeSeparator":"","_EventOrganizerID":[],"_EventVenueID":[],"_OrganizerEmail":"","_OrganizerPhone":"","_OrganizerWebsite":"","_VenueAddress":"","_VenueCity":"","_VenueCountry":"","_VenueProvince":"","_VenueState":"","_VenueZip":"","_VenuePhone":"","_VenueURL":"","_VenueStateProvince":"","_VenueLat":"","_VenueLng":"","_VenueShowMap":false,"_VenueShowMapLink":false,"_tribe_blocks_recurrence_rules":"","_tribe_blocks_recurrence_description":"","_tribe_blocks_recurrence_exclusions":"","footnotes":""},"class_list":["post-412","page","type-page","status-publish","hentry"],"acf":[],"_links":{"self":[{"href":"https:\/\/www.domaene-wachau.at\/de\/wp-json\/wp\/v2\/pages\/412","targetHints":{"allow":["GET"]}}],"collection":[{"href":"https:\/\/www.domaene-wachau.at\/de\/wp-json\/wp\/v2\/pages"}],"about":[{"href":"https:\/\/www.domaene-wachau.at\/de\/wp-json\/wp\/v2\/types\/page"}],"author":[{"embeddable":true,"href":"https:\/\/www.domaene-wachau.at\/de\/wp-json\/wp\/v2\/users\/8447"}],"replies":[{"embeddable":true,"href":"https:\/\/www.domaene-wachau.at\/de\/wp-json\/wp\/v2\/comments?post=412"}],"version-history":[{"count":2,"href":"https:\/\/www.domaene-wachau.at\/de\/wp-json\/wp\/v2\/pages\/412\/revisions"}],"predecessor-version":[{"id":67922,"href":"https:\/\/www.domaene-wachau.at\/de\/wp-json\/wp\/v2\/pages\/412\/revisions\/67922"}],"up":[{"embeddable":true,"href":"https:\/\/www.domaene-wachau.at\/de\/wp-json\/wp\/v2\/pages\/17"}],"wp:attachment":[{"href":"https:\/\/www.domaene-wachau.at\/de\/wp-json\/wp\/v2\/media?parent=412"}],"curies":[{"name":"wp","href":"https:\/\/api.w.org\/{rel}","templated":true}]}}