{"id":8406,"date":"2021-03-22T11:50:25","date_gmt":"2021-03-22T10:50:25","guid":{"rendered":"https:\/\/www.domaene-wachau.at\/?page_id=8406"},"modified":"2026-04-25T12:21:14","modified_gmt":"2026-04-25T10:21:14","slug":"jobs","status":"publish","type":"page","link":"https:\/\/www.domaene-wachau.at\/de\/jobs\/","title":{"rendered":"Jobs"},"content":{"rendered":"<section  class='av_textblock_section av-ipjv5i-c9306ba05c4c4cc0e3d121435f6699ce '   itemscope=\"itemscope\" itemtype=\"https:\/\/schema.org\/CreativeWork\" ><div class='avia_textblock'  itemprop=\"text\" ><h1 class=\"wp-block-heading\">Jobs<\/h1>\n<h3><\/h3>\n<h2>Komm ins Team der Dom\u00e4ne Wachau!<\/h2>\n<p>Als eines der f\u00fchrenden \u00f6sterreichischen Weing\u00fcter freuen wir uns auf neue engagierte Mitarbeiter:innen, die unser Team bereichern. Neben einem abwechslungsreichen Job bieten wir dir zahlreiche Benefits. Wir freuen uns \u00fcber deine Bewerbung an: <a href=\"mai&#108;&#116;&#111;&#x3a;&#x6f;&#x66;&#x66;&#x69;&#x63;e&#64;d&#111;&#109;&#97;&#101;&#x6e;&#x65;&#x2d;&#x77;&#x61;&#x63;hau&#46;&#97;&#116;\">&#111;&#x66;f&#x69;c&#101;&#x40;&#100;&#x6f;m&#97;&#x65;&#110;&#x65;-&#x77;&#x61;&#99;&#x68;a&#x75;&#46;&#97;&#x74;<\/a>.<\/p>\n<div class=\"wp-block-columns amha-jobs-icons-container\">\n<div class=\"wp-block-column amha-benefit-block\">\n<div class=\"wp-block-columns\">\n<div class=\"wp-block-column amha-benefit-item\">\n<div class=\"wp-block-media-text\" style=\"grid-template-columns: 30% auto;\">\n<p class=\"wp-block-media-text__media\"><img loading=\"lazy\" decoding=\"async\" width=\"300\" height=\"286\" class=\"wp-image-42204 size-medium\" src=\"https:\/\/www.domaene-wachau.at\/wp-content\/uploads\/2024\/01\/landscape-icon-300x286.jpg\" alt=\"\" srcset=\"https:\/\/www.domaene-wachau.at\/wp-content\/uploads\/2024\/01\/landscape-icon-300x286.jpg 300w, https:\/\/www.domaene-wachau.at\/wp-content\/uploads\/2024\/01\/landscape-icon-705x672.jpg 705w, https:\/\/www.domaene-wachau.at\/wp-content\/uploads\/2024\/01\/landscape-icon-450x429.jpg 450w, https:\/\/www.domaene-wachau.at\/wp-content\/uploads\/2024\/01\/landscape-icon-600x572.jpg 600w, https:\/\/www.domaene-wachau.at\/wp-content\/uploads\/2024\/01\/landscape-icon-64x61.jpg 64w, https:\/\/www.domaene-wachau.at\/wp-content\/uploads\/2024\/01\/landscape-icon.jpg 748w\" sizes=\"auto, (max-width: 300px) 100vw, 300px\" \/><\/p>\n<div class=\"wp-block-media-text__content\">\n<p>Arbeitsplatz in einer der sch\u00f6nsten Weinregionen der Welt<\/p>\n<\/div>\n<\/div>\n<\/div>\n<div class=\"wp-block-column amha-benefit-item\">\n<div class=\"wp-block-media-text\" style=\"grid-template-columns: 30% auto;\">\n<figure class=\"wp-block-media-text__media\"><img loading=\"lazy\" decoding=\"async\" width=\"300\" height=\"300\" class=\"wp-image-42210 size-medium\" src=\"https:\/\/www.domaene-wachau.at\/wp-content\/uploads\/2024\/01\/glass-icon-300x300.jpg\" alt=\"\" srcset=\"https:\/\/www.domaene-wachau.at\/wp-content\/uploads\/2024\/01\/glass-icon-300x300.jpg 300w, https:\/\/www.domaene-wachau.at\/wp-content\/uploads\/2024\/01\/glass-icon-80x80.jpg 80w, https:\/\/www.domaene-wachau.at\/wp-content\/uploads\/2024\/01\/glass-icon-500x500.jpg 500w, https:\/\/www.domaene-wachau.at\/wp-content\/uploads\/2024\/01\/glass-icon-36x36.jpg 36w, https:\/\/www.domaene-wachau.at\/wp-content\/uploads\/2024\/01\/glass-icon-180x180.jpg 180w, https:\/\/www.domaene-wachau.at\/wp-content\/uploads\/2024\/01\/glass-icon-120x120.jpg 120w, https:\/\/www.domaene-wachau.at\/wp-content\/uploads\/2024\/01\/glass-icon-450x450.jpg 450w, https:\/\/www.domaene-wachau.at\/wp-content\/uploads\/2024\/01\/glass-icon-600x600.jpg 600w, https:\/\/www.domaene-wachau.at\/wp-content\/uploads\/2024\/01\/glass-icon-100x100.jpg 100w, https:\/\/www.domaene-wachau.at\/wp-content\/uploads\/2024\/01\/glass-icon-50x50.jpg 50w, https:\/\/www.domaene-wachau.at\/wp-content\/uploads\/2024\/01\/glass-icon-64x64.jpg 64w, https:\/\/www.domaene-wachau.at\/wp-content\/uploads\/2024\/01\/glass-icon.jpg 666w\" sizes=\"auto, (max-width: 300px) 100vw, 300px\" \/><\/figure>\n<div class=\"wp-block-media-text__content\">\n<p>30% Rabatt auf das Sortiment & Dom\u00e4ne Wachau Events, interne Verkostungen, Workshops etc.<\/p>\n<\/div>\n<\/div>\n<\/div>\n<\/div>\n<\/div>\n<div class=\"wp-block-column amha-benefit-block\">\n<div class=\"wp-block-columns\">\n<div class=\"wp-block-column amha-benefit-item\">\n<div class=\"wp-block-media-text\" style=\"grid-template-columns: 30% auto;\">\n<figure class=\"wp-block-media-text__media\"><img loading=\"lazy\" decoding=\"async\" width=\"300\" height=\"300\" class=\"wp-image-42214 size-medium\" src=\"https:\/\/www.domaene-wachau.at\/wp-content\/uploads\/2024\/01\/people-icon-300x300.jpg\" alt=\"\" srcset=\"https:\/\/www.domaene-wachau.at\/wp-content\/uploads\/2024\/01\/people-icon-300x300.jpg 300w, https:\/\/www.domaene-wachau.at\/wp-content\/uploads\/2024\/01\/people-icon-80x80.jpg 80w, https:\/\/www.domaene-wachau.at\/wp-content\/uploads\/2024\/01\/people-icon-500x500.jpg 500w, https:\/\/www.domaene-wachau.at\/wp-content\/uploads\/2024\/01\/people-icon-36x36.jpg 36w, https:\/\/www.domaene-wachau.at\/wp-content\/uploads\/2024\/01\/people-icon-180x180.jpg 180w, https:\/\/www.domaene-wachau.at\/wp-content\/uploads\/2024\/01\/people-icon-120x120.jpg 120w, https:\/\/www.domaene-wachau.at\/wp-content\/uploads\/2024\/01\/people-icon-450x450.jpg 450w, https:\/\/www.domaene-wachau.at\/wp-content\/uploads\/2024\/01\/people-icon-600x600.jpg 600w, https:\/\/www.domaene-wachau.at\/wp-content\/uploads\/2024\/01\/people-icon-100x100.jpg 100w, https:\/\/www.domaene-wachau.at\/wp-content\/uploads\/2024\/01\/people-icon-50x50.jpg 50w, https:\/\/www.domaene-wachau.at\/wp-content\/uploads\/2024\/01\/people-icon-64x64.jpg 64w, https:\/\/www.domaene-wachau.at\/wp-content\/uploads\/2024\/01\/people-icon.jpg 704w\" sizes=\"auto, (max-width: 300px) 100vw, 300px\" \/><\/figure>\n<div class=\"wp-block-media-text__content\">\n<p>Zahlreiche Team-Events, Weingut- und Heurigenbesuche<\/p>\n<\/div>\n<\/div>\n<\/div>\n<div class=\"wp-block-column amha-benefit-item\">\n<div class=\"wp-block-media-text\" style=\"grid-template-columns: 30% auto;\">\n<figure class=\"wp-block-media-text__media\"><img loading=\"lazy\" decoding=\"async\" width=\"300\" height=\"300\" class=\"wp-image-42216 size-medium\" src=\"https:\/\/www.domaene-wachau.at\/wp-content\/uploads\/2024\/01\/wine-icon-300x300.jpg\" alt=\"\" srcset=\"https:\/\/www.domaene-wachau.at\/wp-content\/uploads\/2024\/01\/wine-icon-300x300.jpg 300w, https:\/\/www.domaene-wachau.at\/wp-content\/uploads\/2024\/01\/wine-icon-80x80.jpg 80w, https:\/\/www.domaene-wachau.at\/wp-content\/uploads\/2024\/01\/wine-icon-500x500.jpg 500w, https:\/\/www.domaene-wachau.at\/wp-content\/uploads\/2024\/01\/wine-icon-36x36.jpg 36w, https:\/\/www.domaene-wachau.at\/wp-content\/uploads\/2024\/01\/wine-icon-180x180.jpg 180w, https:\/\/www.domaene-wachau.at\/wp-content\/uploads\/2024\/01\/wine-icon-120x120.jpg 120w, https:\/\/www.domaene-wachau.at\/wp-content\/uploads\/2024\/01\/wine-icon-450x450.jpg 450w, https:\/\/www.domaene-wachau.at\/wp-content\/uploads\/2024\/01\/wine-icon-600x600.jpg 600w, https:\/\/www.domaene-wachau.at\/wp-content\/uploads\/2024\/01\/wine-icon-100x100.jpg 100w, https:\/\/www.domaene-wachau.at\/wp-content\/uploads\/2024\/01\/wine-icon-50x50.jpg 50w, https:\/\/www.domaene-wachau.at\/wp-content\/uploads\/2024\/01\/wine-icon-64x64.jpg 64w, https:\/\/www.domaene-wachau.at\/wp-content\/uploads\/2024\/01\/wine-icon.jpg 659w\" sizes=\"auto, (max-width: 300px) 100vw, 300px\" \/><\/figure>\n<div class=\"wp-block-media-text__content\">\n<p>Lesetag, Weiterbildungen, Unterkunft am Weingut und vieles mehr&#8230;<\/p>\n<\/div>\n<\/div>\n<\/div>\n<\/div>\n<\/div>\n<\/div>\n<\/div><\/section>\n\n<style type=\"text\/css\" data-created_by=\"avia_inline_auto\" id=\"style-css-av-2krati-454c3258d723e06cb14b257a9129bbf6\">\n#top .hr.av-2krati-454c3258d723e06cb14b257a9129bbf6{\nmargin-top:10px;\nmargin-bottom:10px;\n}\n.hr.av-2krati-454c3258d723e06cb14b257a9129bbf6 .hr-inner{\nwidth:5000px;\nborder-color:#0a0a0a;\n}\n<\/style>\n<div  class='hr av-2krati-454c3258d723e06cb14b257a9129bbf6 hr-custom  avia-builder-el-1  el_after_av_textblock  el_before_av_section  avia-builder-el-last  hr-center hr-icon-no'><span class='hr-inner inner-border-av-border-thin'><span class=\"hr-inner-style\"><\/span><\/span><\/div>\n<\/div><\/div><\/div><!-- close content main div --><\/div><\/div><div id='av_section_1'  class='avia-section av-696j6u-fac491d5808e138f841a464864828bd6 main_color avia-section-default avia-no-border-styling  avia-builder-el-2  el_after_av_hr  el_before_av_hr  avia-bg-style-scroll container_wrap fullsize'  ><div class='container av-section-cont-open' ><div class='template-page content  av-content-full alpha units'><div class='post-entry post-entry-type-page post-entry-8406'><div class='entry-content-wrapper clearfix'>\n<div class='flex_column_table av-h81au-a8a32e31324de9ec6bead1e813d90dec sc-av_one_half av-equal-height-column-flextable'><div  class='flex_column av-h81au-a8a32e31324de9ec6bead1e813d90dec av_one_half  avia-builder-el-3  el_before_av_one_half  avia-builder-el-first  first flex_column_table_cell av-equal-height-column av-align-middle  '     ><section  class='av_textblock_section av-mgqdv9yn-5e98a6ee7b37be5a9a0b12a652a1314a '   itemscope=\"itemscope\" itemtype=\"https:\/\/schema.org\/CreativeWork\" ><div class='avia_textblock'  itemprop=\"text\" ><h3 style=\"text-align: left;\">Finanzen, Controlling & Administration (m\/w\/d)<\/h3>\n<p>Die Position in der Rolle f\u00fcr Finanzen, Controlling & Administration ist als Nachfolge angelegt und bietet eine strukturierte Einarbeitung und \u00dcbergabe mit dem Ziel, Schritt f\u00fcr Schritt Verantwortung in zentralen kaufm\u00e4nnischen Themen zu \u00fcbernehmen \u2013 ob direkt nach der Ausbildung oder mit Berufserfahrung.<\/p>\n<p><strong>T\u00e4tigkeiten & Schwerpunkte<\/strong><\/p>\n<ul>\n<li><strong>Zahlen & Unternehmenssteuerung:<\/strong> Aufbereitung betriebswirtschaftlicher Themen zur Unterst\u00fctzung der strategischen Planung gemeinsam mit der Gesch\u00e4ftsf\u00fchrung<\/li>\n<li><strong>Buchhaltung & Abschl\u00fcsse:<\/strong> Buchhaltung, Controlling, Lohnverrechnung und Bilanzierung \u2013 vollst\u00e4ndig in-house<\/li>\n<li><strong>Abrechnung & Administration:<\/strong> Begleitung von Abrechnungs- und Verwaltungsprozessen im genossenschaftlichen Umfeld<\/li>\n<li><strong>Organisation & Schnittstellen:<\/strong> Administrative Aufgaben sowie enge Zusammenarbeit mit Vorstand, Gesch\u00e4ftsf\u00fchrung und Wirtschaftspr\u00fcfung<\/li>\n<li><strong>Projekte:<\/strong> Mitarbeit an Themen \u00fcber Team- und Bereichsgrenzen hinweg<\/li>\n<\/ul>\n<p><strong>Dein Background<\/strong><\/p>\n<ul>\n<li><strong>Kaufm\u00e4nnische Basis:<\/strong> Wirtschaftliche Ausbildung oder vergleichbarer Hintergrund; berufliche Erfahrung in Hotellerie oder Gastronomie willkommen<\/li>\n<li><strong>Digitale Offenheit:<\/strong> Sicherer Umgang mit g\u00e4ngiger Software; BMD-Kenntnisse sind von Vorteil. Offenheit f\u00fcr digitale Tools und KI-gest\u00fctzte Anwendungen<\/li>\n<li><strong>Teamplayer & Verantwortung:<\/strong> Verl\u00e4ssliche Zusammenarbeit im Team, hohes Ma\u00df an Vertraulichkeit und verantwortungsbewusstes Handeln<\/li>\n<\/ul>\n<p>Wir freuen uns \u00fcber Bewerbungen an: <a href=\"&#x6d;&#97;&#105;&#x6c;&#x74;&#111;&#58;&#x6f;&#x66;&#102;&#105;&#x63;&#x65;&#64;&#100;&#x6f;&#x6d;&#97;&#101;&#x6e;&#x65;&#45;&#119;&#x61;&#x63;&#104;&#97;&#x75;&#x2e;&#97;&#116;\">&#x6f;f&#x66;&#105;&#x63;&#101;&#x40;&#x64;o&#x6d;&#97;&#x65;&#110;&#x65;&#45;w&#x61;&#99;&#x68;&#97;&#x75;&#46;a&#x74;<\/a>. Bezahlung lt. KV, \u00dcberzahlung je nach Qualifikation.<\/p>\n<\/div><\/section><\/div><div class='av-flex-placeholder'><\/div><div  class='flex_column av-37quhi-8b88cf5204f63589c4d141aec5f7d870 av_one_half  avia-builder-el-5  el_after_av_one_half  avia-builder-el-last  flex_column_table_cell av-equal-height-column av-align-middle  '     ><style type=\"text\/css\" data-created_by=\"avia_inline_auto\" id=\"style-css-av-mgqeitd4-e0e49649334ec57f73446098a7abab6e\">\n.avia-image-container.av-mgqeitd4-e0e49649334ec57f73446098a7abab6e img.avia_image{\nbox-shadow:none;\n}\n.avia-image-container.av-mgqeitd4-e0e49649334ec57f73446098a7abab6e .av-image-caption-overlay-center{\ncolor:#ffffff;\n}\n<\/style>\n<div  class='avia-image-container av-mgqeitd4-e0e49649334ec57f73446098a7abab6e av-styling- avia-align-center  avia-builder-el-6  avia-builder-el-no-sibling '   itemprop=\"image\" itemscope=\"itemscope\" itemtype=\"https:\/\/schema.org\/ImageObject\" ><div class=\"avia-image-container-inner\"><div class=\"avia-image-overlay-wrap\"><img decoding=\"async\" fetchpriority=\"high\" class='avia-img-lazy-loading-not- avia_image ' src=\"https:\/\/www.domaene-wachau.at\/wp-content\/uploads\/2020\/07\/DW_Vinothek_cDom\u00e4ne-Wachau_L\u00f6ff.jpg\" alt='' title=''   itemprop=\"thumbnailUrl\"  \/><\/div><\/div><\/div><\/div><\/div><!--close column table wrapper. Autoclose: 1 -->\n<\/div><\/div><\/div><!-- close content main div --><\/div><\/div><div id='after_section_1'  class='main_color av_default_container_wrap container_wrap fullsize'  ><div class='container av-section-cont-open' ><div class='template-page content  av-content-full alpha units'><div class='post-entry post-entry-type-page post-entry-8406'><div class='entry-content-wrapper clearfix'>\n\n<style type=\"text\/css\" data-created_by=\"avia_inline_auto\" id=\"style-css-av-2q3zjq-1d3a046f0c475a258b02fdd5e8e601d0\">\n#top .hr.av-2q3zjq-1d3a046f0c475a258b02fdd5e8e601d0{\nmargin-top:10px;\nmargin-bottom:10px;\n}\n.hr.av-2q3zjq-1d3a046f0c475a258b02fdd5e8e601d0 .hr-inner{\nwidth:5000px;\nborder-color:#0a0a0a;\n}\n<\/style>\n<div  class='hr av-2q3zjq-1d3a046f0c475a258b02fdd5e8e601d0 hr-custom  avia-builder-el-7  el_after_av_section  el_before_av_section  avia-builder-el-no-sibling  hr-center hr-icon-no'><span class='hr-inner inner-border-av-border-thin'><span class=\"hr-inner-style\"><\/span><\/span><\/div>\n<\/div><\/div><\/div><!-- close content main div --><\/div><\/div><div id='av_section_2'  class='avia-section av-5ew7na-a6710295bbad126aa5c166c1aeb105f5 main_color avia-section-default avia-no-shadow  avia-builder-el-8  el_after_av_hr  el_before_av_hr  avia-bg-style-scroll container_wrap fullsize'  ><div class='container av-section-cont-open' ><div class='template-page content  av-content-full alpha units'><div class='post-entry post-entry-type-page post-entry-8406'><div class='entry-content-wrapper clearfix'>\n<div class='flex_column_table av-4y2adi-a00e18d4c391eb2396ace1ba8bc92d40 sc-av_one_half av-equal-height-column-flextable'><div  class='flex_column av-4y2adi-a00e18d4c391eb2396ace1ba8bc92d40 av_one_half  avia-builder-el-9  el_before_av_one_half  avia-builder-el-first  first flex_column_table_cell av-equal-height-column av-align-middle  '     ><style type=\"text\/css\" data-created_by=\"avia_inline_auto\" id=\"style-css-av-m5m8z5wq-ef8977401b6a000d18de1d07cddc14b3\">\n.avia-image-container.av-m5m8z5wq-ef8977401b6a000d18de1d07cddc14b3 img.avia_image{\nbox-shadow:none;\n}\n.avia-image-container.av-m5m8z5wq-ef8977401b6a000d18de1d07cddc14b3 .av-image-caption-overlay-center{\ncolor:#ffffff;\n}\n<\/style>\n<div  class='avia-image-container av-m5m8z5wq-ef8977401b6a000d18de1d07cddc14b3 av-styling- avia-align-center  avia-builder-el-10  avia-builder-el-no-sibling '   itemprop=\"image\" itemscope=\"itemscope\" itemtype=\"https:\/\/schema.org\/ImageObject\" ><div class=\"avia-image-container-inner\"><div class=\"avia-image-overlay-wrap\"><img decoding=\"async\" fetchpriority=\"high\" class='wp-image-59193 avia-img-lazy-loading-not-59193 avia_image ' src=\"https:\/\/www.domaene-wachau.at\/wp-content\/uploads\/2025\/01\/img-20211109-161042.jpg\" alt='' title='IMG_20211109_161042'  height=\"1440\" width=\"1920\"  itemprop=\"thumbnailUrl\" srcset=\"https:\/\/www.domaene-wachau.at\/wp-content\/uploads\/2025\/01\/img-20211109-161042.jpg 1920w, https:\/\/www.domaene-wachau.at\/wp-content\/uploads\/2025\/01\/img-20211109-161042-300x225.jpg 300w, https:\/\/www.domaene-wachau.at\/wp-content\/uploads\/2025\/01\/img-20211109-161042-768x576.jpg 768w, https:\/\/www.domaene-wachau.at\/wp-content\/uploads\/2025\/01\/img-20211109-161042-1536x1152.jpg 1536w, https:\/\/www.domaene-wachau.at\/wp-content\/uploads\/2025\/01\/img-20211109-161042-1500x1125.jpg 1500w, https:\/\/www.domaene-wachau.at\/wp-content\/uploads\/2025\/01\/img-20211109-161042-705x529.jpg 705w, https:\/\/www.domaene-wachau.at\/wp-content\/uploads\/2025\/01\/img-20211109-161042-450x338.jpg 450w, https:\/\/www.domaene-wachau.at\/wp-content\/uploads\/2025\/01\/img-20211109-161042-600x450.jpg 600w, https:\/\/www.domaene-wachau.at\/wp-content\/uploads\/2025\/01\/img-20211109-161042-64x48.jpg 64w\" sizes=\"(max-width: 1920px) 100vw, 1920px\" \/><\/div><\/div><\/div><\/div><div class='av-flex-placeholder'><\/div><div  class='flex_column av-26byty-0c62c1910bd4f292c269726fd1970bc1 av_one_half  avia-builder-el-11  el_after_av_one_half  avia-builder-el-last  flex_column_table_cell av-equal-height-column av-align-middle  '     ><section  class='av_textblock_section av-m5m8rh7y-31fc9a39440fe81e1323f0a24679c6cd '   itemscope=\"itemscope\" itemtype=\"https:\/\/schema.org\/CreativeWork\" ><div class='avia_textblock'  itemprop=\"text\" ><h3 style=\"text-align: left;\">PRAKTIKANT:INNEN F\u00dcR KELLER + VINIFIZIERUNG (m\/w\/d)<\/h3>\n<p>Zeitraum: Ende August bis November 2027<\/p>\n<p><strong>F\u00fcr die Weinlese suchen wir engagierte Praktikant:innen zur Unterst\u00fctzung unseres Keller-Teams.<\/strong><strong><br class=\"avia-permanent-lb\" \/><br class=\"avia-permanent-lb\" \/><\/strong><strong>T\u00e4tigkeiten & Schwerpunkte<\/strong><\/p>\n<ul>\n<li>Trauben\u00fcbernahme<\/li>\n<li>Vinifizierung<\/li>\n<li>Beratung und Kontrolle unseres Bonitursystems<\/li>\n<li>Lesekontrollen<\/li>\n<li>Labor & F\u00fcllung<\/li>\n<\/ul>\n<p><strong>Dein Background<\/strong><\/p>\n<ul>\n<li>weinbauliche Ausbildung<\/li>\n<li>Erfahrung in anderen Weing\u00fctern<\/li>\n<li>Flexibilit\u00e4t und Belastbarkeit<\/li>\n<li>Staplerschein von Vorteil<\/li>\n<li>Deutschkenntnisse erforderlich<\/li>\n<\/ul>\n<p><strong>Social Benefits:<\/strong><\/p>\n<ul>\n<li>Unterkunft direkt am Weingut<\/li>\n<li>Team-Events<\/li>\n<li>Attraktive Einkaufskonditionen<\/li>\n<\/ul>\n<p>Wir freuen uns \u00fcber Bewerbungen an: <a href=\"&#109;&#x61;i&#108;&#x74;o&#58;&#x6f;f&#x66;&#x69;&#99;&#x65;&#64;&#100;&#x6f;m&#97;&#x65;n&#x65;&#x2d;&#119;&#x61;&#x63;&#104;&#x61;u&#46;&#x61;t\">office&#64;domae&#110;&#101;&#45;&#119;&#97;&#99;&#104;&#97;&#117;&#46;&#97;&#116;<\/a>. Bezahlung lt. KV<\/p>\n<\/div><\/section><\/div><\/div><!--close column table wrapper. Autoclose: 1 --><\/div><\/div><\/div><!-- close content main div --><\/div><\/div><div id='after_section_2'  class='main_color av_default_container_wrap container_wrap fullsize'  ><div class='container av-section-cont-open' ><div class='template-page content  av-content-full alpha units'><div class='post-entry post-entry-type-page post-entry-8406'><div class='entry-content-wrapper clearfix'>\n<style type=\"text\/css\" data-created_by=\"avia_inline_auto\" id=\"style-css-av-abqdqu-c7bd529138e291ad19a71df7ed756841\">\n#top .hr.av-abqdqu-c7bd529138e291ad19a71df7ed756841{\nmargin-top:10px;\nmargin-bottom:10px;\n}\n.hr.av-abqdqu-c7bd529138e291ad19a71df7ed756841 .hr-inner{\nwidth:5000px;\nborder-color:#0a0a0a;\n}\n<\/style>\n<div  class='hr av-abqdqu-c7bd529138e291ad19a71df7ed756841 hr-custom  avia-builder-el-13  el_after_av_section  el_before_av_section  avia-builder-el-no-sibling  hr-center hr-icon-no'><span class='hr-inner inner-border-av-border-thin'><span class=\"hr-inner-style\"><\/span><\/span><\/div><\/p>\n<\/div><\/div><\/div><!-- close content main div --><\/div><\/div><div id='av_section_3'  class='avia-section av-9p0hau-bcb398a33c79234a90112c688099f30b main_color avia-section-default avia-no-border-styling  avia-builder-el-14  el_after_av_hr  avia-builder-el-last  avia-bg-style-scroll container_wrap fullsize'  ><div class='container av-section-cont-open' ><div class='template-page content  av-content-full alpha units'><div class='post-entry post-entry-type-page post-entry-8406'><div class='entry-content-wrapper clearfix'>\n<div class='flex_column_table av-7m32ti-daf21e309140dae37363343cd2f06784 sc-av_one_half av-equal-height-column-flextable'><div  class='flex_column av-7m32ti-daf21e309140dae37363343cd2f06784 av_one_half  avia-builder-el-15  el_before_av_one_half  avia-builder-el-first  first flex_column_table_cell av-equal-height-column av-align-middle  '     ><section  class='av_textblock_section av-5bwm6u-1b7bb6eaa76a7fc7e93f201647ef9fe1 '   itemscope=\"itemscope\" itemtype=\"https:\/\/schema.org\/CreativeWork\" ><div class='avia_textblock'  itemprop=\"text\" ><h3 style=\"text-align: left;\">WIR SUCHEN VERST\u00c4RKUNG \u2013 VINOTHEK & EVENTS (m\/w\/d)<\/h3>\n<p style=\"text-align: left;\">Praktikum\/befristete Anstellung von M\u00e4rz\/April bis Oktober\/November 2027<\/p>\n<h4><strong>Du begeisterst dich f\u00fcr Wein und suchst eine abwechslungsreiche T\u00e4tigkeit? Dann komm in unser wein-affines Team!<\/strong><\/h4>\n<p>Mit viel Engagement und Freude begeisterst du unsere G\u00e4ste f\u00fcr unsere Weine und betreust Verkostungen, Weingut-F\u00fchrungen sowie weintouristische Events am Weingut und den Ab-Hof-Verkauf.<\/p>\n<p><strong>Dein Background<\/strong><\/p>\n<ul>\n<li>entsprechende fachliche Ausbildung<\/li>\n<li>Kommunikationsf\u00e4higkeit und Freude am Arbeiten mit Menschen<\/li>\n<li>Teamorientierung & Flexibilit\u00e4t<\/li>\n<li>sehr gute MS-Office sowie Deutsch- und Englischkenntnisse<\/li>\n<li>Erfahrung in der Wein- oder Gastronomiebranche von Vorteil<\/li>\n<\/ul>\n<p><strong>Social Benefits<\/strong><\/p>\n<ul>\n<li>Unterkunft am Weingut nach Vereinbarung<\/li>\n<li>Team-Events<\/li>\n<li>Einkaufsvorteile zu attraktiven Konditionen<\/li>\n<\/ul>\n<p>Wir freuen uns Bewerbungen an: <a href=\"&#x6d;a&#x69;&#108;t&#x6f;&#58;&#x6f;&#x66;f&#x69;&#99;e&#x40;&#100;&#x6f;&#109;a&#x65;&#110;e&#x2d;&#119;&#x61;&#99;h&#x61;&#117;&#x2e;&#x61;t\">&#x6f;&#x66;&#x66;&#x69;&#99;&#101;&#64;do&#x6d;&#x61;&#x65;&#x6e;&#x65;&#45;&#119;&#97;ch&#x61;&#x75;&#x2e;&#x61;&#x74;<\/a>. Bezahlung lt. KV, \u00dcberzahlung je nach Qualifikation.<\/p>\n<\/div><\/section><\/div><div class='av-flex-placeholder'><\/div><div  class='flex_column av-44rreu-d2cdfd30e536b139dac74d6fed56ae4c av_one_half  avia-builder-el-17  el_after_av_one_half  avia-builder-el-last  flex_column_table_cell av-equal-height-column av-align-middle  '     ><style type=\"text\/css\" data-created_by=\"avia_inline_auto\" id=\"style-css-av-2r9s6e-79416c874d242011acd0a6b94924776c\">\n.avia-image-container.av-2r9s6e-79416c874d242011acd0a6b94924776c img.avia_image{\nbox-shadow:none;\n}\n.avia-image-container.av-2r9s6e-79416c874d242011acd0a6b94924776c .av-image-caption-overlay-center{\ncolor:#ffffff;\n}\n<\/style>\n<div  class='avia-image-container av-2r9s6e-79416c874d242011acd0a6b94924776c av-styling- avia-align-center  avia-builder-el-18  avia-builder-el-no-sibling '   itemprop=\"image\" itemscope=\"itemscope\" itemtype=\"https:\/\/schema.org\/ImageObject\" ><div class=\"avia-image-container-inner\"><div class=\"avia-image-overlay-wrap\"><img decoding=\"async\" fetchpriority=\"high\" class='wp-image-56153 avia-img-lazy-loading-not-56153 avia_image ' src=\"https:\/\/www.domaene-wachau.at\/wp-content\/uploads\/2024\/10\/l1350432.jpg\" alt='' title='Dom\u00e4ne Wachau Vinothek'  height=\"1280\" width=\"1920\"  itemprop=\"thumbnailUrl\" srcset=\"https:\/\/www.domaene-wachau.at\/wp-content\/uploads\/2024\/10\/l1350432.jpg 1920w, https:\/\/www.domaene-wachau.at\/wp-content\/uploads\/2024\/10\/l1350432-300x200.jpg 300w, https:\/\/www.domaene-wachau.at\/wp-content\/uploads\/2024\/10\/l1350432-768x512.jpg 768w, https:\/\/www.domaene-wachau.at\/wp-content\/uploads\/2024\/10\/l1350432-1536x1024.jpg 1536w, https:\/\/www.domaene-wachau.at\/wp-content\/uploads\/2024\/10\/l1350432-1500x1000.jpg 1500w, https:\/\/www.domaene-wachau.at\/wp-content\/uploads\/2024\/10\/l1350432-705x470.jpg 705w, https:\/\/www.domaene-wachau.at\/wp-content\/uploads\/2024\/10\/l1350432-450x300.jpg 450w, https:\/\/www.domaene-wachau.at\/wp-content\/uploads\/2024\/10\/l1350432-600x400.jpg 600w, https:\/\/www.domaene-wachau.at\/wp-content\/uploads\/2024\/10\/l1350432-64x43.jpg 64w\" sizes=\"(max-width: 1920px) 100vw, 1920px\" \/><\/div><\/div><\/div><\/div><\/div><!--close column table wrapper. Autoclose: 1 -->\n\n","protected":false},"excerpt":{"rendered":"","protected":false},"author":8314,"featured_media":0,"parent":0,"menu_order":0,"comment_status":"closed","ping_status":"closed","template":"","meta":{"_acf_changed":false,"_tec_requires_first_save":true,"_price":"","_stock":"","_tribe_ticket_header":"","_tribe_default_ticket_provider":"","_tribe_ticket_capacity":"0","_ticket_start_date":"","_ticket_end_date":"","_tribe_ticket_show_description":"","_tribe_ticket_show_not_going":false,"_tribe_ticket_use_global_stock":"","_tribe_ticket_global_stock_level":"","_global_stock_mode":"","_global_stock_cap":"","_tribe_rsvp_for_event":"","_tribe_ticket_going_count":"","_tribe_ticket_not_going_count":"","_tribe_tickets_list":"[]","_tribe_ticket_has_attendee_info_fields":false,"_EventAllDay":false,"_EventTimezone":"","_EventStartDate":"","_EventEndDate":"","_EventStartDateUTC":"","_EventEndDateUTC":"","_EventShowMap":false,"_EventShowMapLink":false,"_EventURL":"","_EventCost":"","_EventCostDescription":"","_EventCurrencySymbol":"","_EventCurrencyCode":"","_EventCurrencyPosition":"","_EventDateTimeSeparator":"","_EventTimeRangeSeparator":"","_EventOrganizerID":[],"_EventVenueID":[],"_OrganizerEmail":"","_OrganizerPhone":"","_OrganizerWebsite":"","_VenueAddress":"","_VenueCity":"","_VenueCountry":"","_VenueProvince":"","_VenueState":"","_VenueZip":"","_VenuePhone":"","_VenueURL":"","_VenueStateProvince":"","_VenueLat":"","_VenueLng":"","_VenueShowMap":false,"_VenueShowMapLink":false,"_tribe_blocks_recurrence_rules":"","_tribe_blocks_recurrence_description":"","_tribe_blocks_recurrence_exclusions":"","footnotes":""},"class_list":["post-8406","page","type-page","status-publish","hentry"],"acf":[],"_links":{"self":[{"href":"https:\/\/www.domaene-wachau.at\/de\/wp-json\/wp\/v2\/pages\/8406","targetHints":{"allow":["GET"]}}],"collection":[{"href":"https:\/\/www.domaene-wachau.at\/de\/wp-json\/wp\/v2\/pages"}],"about":[{"href":"https:\/\/www.domaene-wachau.at\/de\/wp-json\/wp\/v2\/types\/page"}],"author":[{"embeddable":true,"href":"https:\/\/www.domaene-wachau.at\/de\/wp-json\/wp\/v2\/users\/8314"}],"replies":[{"embeddable":true,"href":"https:\/\/www.domaene-wachau.at\/de\/wp-json\/wp\/v2\/comments?post=8406"}],"version-history":[{"count":185,"href":"https:\/\/www.domaene-wachau.at\/de\/wp-json\/wp\/v2\/pages\/8406\/revisions"}],"predecessor-version":[{"id":80977,"href":"https:\/\/www.domaene-wachau.at\/de\/wp-json\/wp\/v2\/pages\/8406\/revisions\/80977"}],"wp:attachment":[{"href":"https:\/\/www.domaene-wachau.at\/de\/wp-json\/wp\/v2\/media?parent=8406"}],"curies":[{"name":"wp","href":"https:\/\/api.w.org\/{rel}","templated":true}]}}