{"id":4573,"date":"2020-10-20T16:38:03","date_gmt":"2020-10-20T14:38:03","guid":{"rendered":"https:\/\/www.domaene-wachau.at\/cellar-tour-wine-tasting\/"},"modified":"2026-03-19T11:41:26","modified_gmt":"2026-03-19T10:41:26","slug":"estate-tour-wine-tasting","status":"publish","type":"page","link":"https:\/\/www.domaene-wachau.at\/en\/visit\/estate-tour-wine-tasting\/","title":{"rendered":"Estate Tours"},"content":{"rendered":"\n<style type=\"text\/css\" data-created_by=\"avia_inline_auto\" id=\"style-css-av-12dk92l-0f7c8eccdc59078bffb7cca18561b60a\">\n.avia-section.av-12dk92l-0f7c8eccdc59078bffb7cca18561b60a{\nbackground-repeat:no-repeat;\nbackground-image:url(https:\/\/www.domaene-wachau.at\/wp-content\/uploads\/2021\/02\/DW_Keller_NEU.jpg);\nbackground-position:0% 0%;\nbackground-attachment:fixed;\n}\n<\/style>\n<div id='av_section_1'  class='avia-section av-12dk92l-0f7c8eccdc59078bffb7cca18561b60a alternate_color avia-section-default avia-no-border-styling  avia-builder-el-0  el_before_av_layout_row  avia-builder-el-first  avia-full-stretch avia-bg-style-fixed av-minimum-height av-minimum-height-100 av-height-100  container_wrap fullsize'  data-section-bg-repeat='stretch' data-av_minimum_height_pc='100' data-av_min_height_opt='100'><div class=\"av-section-color-overlay-wrap\"><a href='#next-section' title='' class='scroll-down-link ' aria-hidden='true' data-av_icon='\ue877' data-av_iconfont='entypo-fontello'><\/a><div class='container av-section-cont-open' ><main  role=\"main\" itemprop=\"mainContentOfPage\"  class='template-page content  av-content-full alpha units'><div class='post-entry post-entry-type-page post-entry-4573'><div class='entry-content-wrapper clearfix'>\n\n\n<style type=\"text\/css\" data-created_by=\"avia_inline_auto\" id=\"style-css-av-lvv1oxhu-1d63ec82bd24402e9c8192d297ddd51b\">\n#top .av-special-heading.av-lvv1oxhu-1d63ec82bd24402e9c8192d297ddd51b{\npadding-bottom:10px;\ncolor:#ffffff;\n}\nbody .av-special-heading.av-lvv1oxhu-1d63ec82bd24402e9c8192d297ddd51b .av-special-heading-tag .heading-char{\nfont-size:25px;\n}\n.av-special-heading.av-lvv1oxhu-1d63ec82bd24402e9c8192d297ddd51b .special-heading-inner-border{\nborder-color:#ffffff;\n}\n.av-special-heading.av-lvv1oxhu-1d63ec82bd24402e9c8192d297ddd51b .av-subheading{\nfont-size:15px;\n}\n<\/style>\n<div  class='av-special-heading av-lvv1oxhu-1d63ec82bd24402e9c8192d297ddd51b av-special-heading-h1 custom-color-heading blockquote modern-quote modern-centered  avia-builder-el-2  el_after_av_codeblock  avia-builder-el-last  underline_white_bold text-shadow align-left'><h1 class='av-special-heading-tag '  itemprop=\"headline\"  >Estate Tours<\/h1><div class=\"special-heading-border\"><div class=\"special-heading-inner-border\"><\/div><\/div><\/div>\n\n<\/div><\/div><\/main><!-- close content main element --><\/div><\/div><\/div><div id='av-layout-grid-1'  class='av-layout-grid-container av-xg4fnh-c2576c863899be970083e0ae5a19f98b entry-content-wrapper main_color av-flex-cells  avia-builder-el-3  el_after_av_section  el_before_av_section  grid-image-left av-cell-min-height av-cell-min-height-75 grid-row-not-first  container_wrap fullsize'   data-av_minimum_height_pc='75'>\n\n<style type=\"text\/css\" data-created_by=\"avia_inline_auto\" id=\"style-css-av-lv3swjc7-76131303f48e8286d8650775e129f0f5\">\n.flex_cell.av-lv3swjc7-76131303f48e8286d8650775e129f0f5{\nvertical-align:top;\nbackground:url(https:\/\/www.domaene-wachau.at\/wp-content\/uploads\/2024\/03\/20200831-dw-verkostung-0122.jpg) 50% 50% no-repeat scroll ;\n}\n.responsive #top #wrap_all .flex_cell.av-lv3swjc7-76131303f48e8286d8650775e129f0f5{\npadding:30px 30px 30px 30px !important;\n}\n<\/style>\n<div class='flex_cell av-lv3swjc7-76131303f48e8286d8650775e129f0f5 av-gridrow-cell av_one_half no_margin  avia-builder-el-4  el_before_av_cell_one_half  avia-builder-el-first  avia-full-stretch'  ><div class='flex_cell_inner'><\/div><\/div>\n<style type=\"text\/css\" data-created_by=\"avia_inline_auto\" id=\"style-css-av-vnfh25-89ee3402a50c2ff0c57baa14f80813fc\">\n.flex_cell.av-vnfh25-89ee3402a50c2ff0c57baa14f80813fc{\nvertical-align:middle;\n}\n.responsive #top #wrap_all .flex_cell.av-vnfh25-89ee3402a50c2ff0c57baa14f80813fc{\npadding:30px 30px 30px 30px !important;\n}\n<\/style>\n<div class='flex_cell av-vnfh25-89ee3402a50c2ff0c57baa14f80813fc av-gridrow-cell av_one_half no_margin  avia-builder-el-5  el_after_av_cell_one_half  avia-builder-el-last '  ><div class='flex_cell_inner'><p>\n<style type=\"text\/css\" data-created_by=\"avia_inline_auto\" id=\"style-css-av-v2y5ul-43f215427e476e1e98c5791d2e1ba54d\">\n.avia-image-container.av-v2y5ul-43f215427e476e1e98c5791d2e1ba54d img.avia_image{\nbox-shadow:none;\n}\n.avia-image-container.av-v2y5ul-43f215427e476e1e98c5791d2e1ba54d .av-image-caption-overlay-center{\ncolor:#ffffff;\n}\n<\/style>\n<div  class='avia-image-container av-v2y5ul-43f215427e476e1e98c5791d2e1ba54d av-styling- avia-align-left  avia-builder-el-6  el_before_av_heading  avia-builder-el-first '   itemprop=\"image\" itemscope=\"itemscope\" itemtype=\"https:\/\/schema.org\/ImageObject\" ><div class=\"avia-image-container-inner\"><div class=\"avia-image-overlay-wrap\"><img decoding=\"async\" fetchpriority=\"high\" class='wp-image-23076 avia-img-lazy-loading-not-23076 avia_image ' src=\"https:\/\/www.domaene-wachau.at\/wp-content\/uploads\/2022\/11\/WorldsBestVinyards_Logo_NEU-300x108.png\" alt='' title='WorldsBestVinyards_Logo_NEU'  height=\"108\" width=\"300\"  itemprop=\"thumbnailUrl\" srcset=\"https:\/\/www.domaene-wachau.at\/wp-content\/uploads\/2022\/11\/WorldsBestVinyards_Logo_NEU-300x108.png 300w, https:\/\/www.domaene-wachau.at\/wp-content\/uploads\/2022\/11\/WorldsBestVinyards_Logo_NEU-768x275.png 768w, https:\/\/www.domaene-wachau.at\/wp-content\/uploads\/2022\/11\/WorldsBestVinyards_Logo_NEU-1536x550.png 1536w, https:\/\/www.domaene-wachau.at\/wp-content\/uploads\/2022\/11\/WorldsBestVinyards_Logo_NEU-1500x538.png 1500w, https:\/\/www.domaene-wachau.at\/wp-content\/uploads\/2022\/11\/WorldsBestVinyards_Logo_NEU-705x253.png 705w, https:\/\/www.domaene-wachau.at\/wp-content\/uploads\/2022\/11\/WorldsBestVinyards_Logo_NEU-450x161.png 450w, https:\/\/www.domaene-wachau.at\/wp-content\/uploads\/2022\/11\/WorldsBestVinyards_Logo_NEU-600x215.png 600w, https:\/\/www.domaene-wachau.at\/wp-content\/uploads\/2022\/11\/WorldsBestVinyards_Logo_NEU-64x23.png 64w, https:\/\/www.domaene-wachau.at\/wp-content\/uploads\/2022\/11\/WorldsBestVinyards_Logo_NEU.png 1920w\" sizes=\"(max-width: 300px) 100vw, 300px\" \/><\/div><\/div><\/div><br \/>\n\n<style type=\"text\/css\" data-created_by=\"avia_inline_auto\" id=\"style-css-av-lvv1pxej-d49b581f418420bceb21cdfe64e94ed2\">\n#top .av-special-heading.av-lvv1pxej-d49b581f418420bceb21cdfe64e94ed2{\npadding-bottom:10px;\ncolor:#0a0a0a;\n}\nbody .av-special-heading.av-lvv1pxej-d49b581f418420bceb21cdfe64e94ed2 .av-special-heading-tag .heading-char{\nfont-size:25px;\n}\n.av-special-heading.av-lvv1pxej-d49b581f418420bceb21cdfe64e94ed2 .special-heading-inner-border{\nborder-color:#0a0a0a;\n}\n.av-special-heading.av-lvv1pxej-d49b581f418420bceb21cdfe64e94ed2 .av-subheading{\nfont-size:15px;\n}\n<\/style>\n<div  class='av-special-heading av-lvv1pxej-d49b581f418420bceb21cdfe64e94ed2 av-special-heading-h2 custom-color-heading blockquote modern-quote modern-centered  avia-builder-el-7  el_after_av_image  el_before_av_textblock  underline_black_light align-left'><h2 class='av-special-heading-tag '  itemprop=\"headline\"  >Estate Tour <span class='special_amp'>&<\/span> Wine Tasting<\/h2><div class='av_custom_color av-subheading av-subheading_below'><p>Language: ENGLISH<\/p>\n<\/div><div class=\"special-heading-border\"><div class=\"special-heading-inner-border\"><\/div><\/div><\/div><br \/>\n<section  class='av_textblock_section av-lw4n6y55-d5f76ade102b538163b4ce9a830bcb1f '   itemscope=\"itemscope\" itemtype=\"https:\/\/schema.org\/CreativeWork\" ><div class='avia_textblock'  itemprop=\"text\" ><p>Immerse yourself in Dom\u00e4ne Wachau! Explore our estate, the baroque Kellerschl\u00f6ssel, the vineyards and the legendary wine cellar. Afterwards, enjoy a guided tasting of our unique Dom\u00e4ne Wachau wines.<\/p>\n<p><strong>From April to October \u2013 every Friday | Language: ENGLISH<\/strong><\/p>\n<p>Beginning at 3 PM | Lasting about 1.5 hours | Dom\u00e4ne Wachau Vinothek<\/p>\n<p>\u20ac32.00 per person (including tasting of four wines and Wachauer Laberl rolls)<br \/>\nThe estate tour and wine tasting for wine lovers and connoisseurs will be in English.<\/p>\n<\/div><\/section><br \/>\n<div  class='avia-button-wrap av-mev5akj4-d9666fd47b421da24b560b8a0d68f427-wrap avia-button-left  avia-builder-el-9  el_after_av_textblock  el_before_av_codeblock  ba-calbtn'>\n<style type=\"text\/css\" data-created_by=\"avia_inline_auto\" id=\"style-css-av-mev5akj4-d9666fd47b421da24b560b8a0d68f427\">\n#top #wrap_all .avia-button.av-mev5akj4-d9666fd47b421da24b560b8a0d68f427:hover{\ncolor:white;\ntransition:all 0.4s ease-in-out;\n}\n<\/style>\n<a href='#'  class='avia-button av-mev5akj4-d9666fd47b421da24b560b8a0d68f427 av-link-btn avia-icon_select-yes-right-icon avia-size-medium avia-position-left avia-color-theme-color avia-font-color-white'   aria-label=\"BOOK HERE AND SELECT A DATE\"><span class='avia_iconbox_title' >BOOK HERE AND SELECT A DATE<\/span><span class='avia_button_icon avia_button_icon_right' aria-hidden='true' data-av_icon='\ue873' data-av_iconfont='entypo-fontello'><\/span><span class='avia_button_background avia-button avia-color-theme-color-highlight' ><\/span><\/a><\/div><br \/>\n<br \/>\n<section  class='av_textblock_section av-mewmd7qe-6c938d02dcc612a58b8f19dd95c4745c '   itemscope=\"itemscope\" itemtype=\"https:\/\/schema.org\/CreativeWork\" ><div class='avia_textblock'  itemprop=\"text\" ><p><strong>Inquiries for individual appointments (all season):<\/strong><br \/>\n<a href=\"&#109;&#97;&#x69;l&#116;&#x6f;&#x3a;e&#118;&#x65;&#x6e;t&#64;&#x64;&#x6f;m&#97;&#x65;&#x6e;e&#45;&#x77;&#x61;c&#104;&#x61;u&#46;&#97;&#x74;\">&#101;&#x76;&#x65;n&#116;&#x40;d&#111;&#x6d;&#x61;e&#110;&#x65;-&#119;&#x61;&#x63;h&#97;&#x75;&#46;&#97;&#x74;<\/a> oder <a href=\"tel:0043271137140\">+43 2711 371 40<\/a><strong><br \/>\n<\/strong>For groups of up to 6 people: \u20ac200.00. For larger groups: \u20ac32.00 per person.<\/p>\n<\/div><\/section><\/p>\n<\/div><\/div>\n<\/div>\n<div id='av_section_2'  class='avia-section av-tdpqa5-0bbc4e7d952250359ebb33cac2e1c4b2 main_color avia-section-default avia-no-border-styling  avia-builder-el-12  el_after_av_layout_row  avia-builder-el-last  full-width-galery avia-bg-style-scroll container_wrap fullsize'  ><div class='container av-section-cont-open' ><div class='template-page content  av-content-full alpha units'><div class='post-entry post-entry-type-page post-entry-4573'><div class='entry-content-wrapper clearfix'>\n\n<style type=\"text\/css\" data-created_by=\"avia_inline_auto\" id=\"style-css-av-rx0ft9-9006cf6fb9c23eecd96cdafd15bb3aa9\">\n.flex_column.av-rx0ft9-9006cf6fb9c23eecd96cdafd15bb3aa9{\nborder-radius:0px 0px 0px 0px;\npadding:0px 0px 0px 0px;\n}\n<\/style>\n<div  class='flex_column av-rx0ft9-9006cf6fb9c23eecd96cdafd15bb3aa9 av_one_full  avia-builder-el-13  avia-builder-el-no-sibling  first flex_column_div av-zero-column-padding  '     ><p>\n<style type=\"text\/css\" data-created_by=\"avia_inline_auto\" id=\"style-css-av-lv3t1zvl-1a504f93c204c594fb1e066836930d36\">\n#top .av-special-heading.av-lv3t1zvl-1a504f93c204c594fb1e066836930d36{\npadding-bottom:10px;\n}\nbody .av-special-heading.av-lv3t1zvl-1a504f93c204c594fb1e066836930d36 .av-special-heading-tag .heading-char{\nfont-size:25px;\n}\n.av-special-heading.av-lv3t1zvl-1a504f93c204c594fb1e066836930d36 .av-subheading{\nfont-size:15px;\n}\n<\/style>\n<div  class='av-special-heading av-lv3t1zvl-1a504f93c204c594fb1e066836930d36 av-special-heading-h2 blockquote modern-quote modern-centered  avia-builder-el-14  el_before_av_textblock  avia-builder-el-first  underline_black_light align-left'><h2 class='av-special-heading-tag '  itemprop=\"headline\"  >Further information<\/h2><div class=\"special-heading-border\"><div class=\"special-heading-inner-border\"><\/div><\/div><\/div><br \/>\n<section  class='av_textblock_section av-lfs9hz1y-da42d82a0025a78205693a2e0cc412c9 '   itemscope=\"itemscope\" itemtype=\"https:\/\/schema.org\/CreativeWork\" ><div class='avia_textblock'  itemprop=\"text\" ><p><strong>Our Cancellation Policy: <\/strong>Cancellations up to 24 hours before the start of the event are free of charge. In case of cancellations within 24 hours of the event, we reserve the right to charge 100% of the costs. We look forward to welcoming you to our unique winery and our Wachau wines. As we expect our guests to be interested in wine, we want to offer high quality service. In order to be able to guarantee this, we ask you to arrive on time, or to let us know in time if you will be late.<\/p>\n<p>Free participation for children up to 7 years. Other discounts on request.<br \/>\nPlease note that the winery tour includes a steep staircase descent and, if possible, a tour through the vineyards. Appropriate mobility is required. You can request separate barrier-free guided tours with our team here: <a href=\"&#x6d;&#x61;&#x69;&#x6c;&#x74;&#x6f;&#x3a;&#x65;&#x76;&#x65;&#x6e;&#x74;&#x40;&#x64;&#x6f;&#x6d;&#x61;&#x65;&#x6e;&#x65;&#x2d;&#x77;&#x61;&#x63;&#x68;&#x61;&#x75;&#x2e;&#x61;&#x74;\">&#101;&#x76;&#101;&#x6e;&#116;&#x40;d&#x6f;m&#97;&#x65;&#110;&#x65;&#45;&#x77;a&#x63;h&#97;&#x75;&#46;&#x61;&#116;<\/a><br \/>\nDogs are welcome in our tasting room & shop, however are not permitted on the guided tour of our baroque wine cellar. (Exception: service dogs for disabled visitors)<\/p>\n<\/div><\/section><br \/>\n\n<style type=\"text\/css\" data-created_by=\"avia_inline_auto\" id=\"style-css-av-lu9vhwkk-5bd860bf62fefd0ac43ecbb13cd37ffb\">\n#top .avia-gallery.av-lu9vhwkk-5bd860bf62fefd0ac43ecbb13cd37ffb .avia-gallery-thumb a{\nwidth:20%;\n}\n<\/style>\n<div  class='avia-gallery av-lu9vhwkk-5bd860bf62fefd0ac43ecbb13cd37ffb avia_animate_when_visible  avia-builder-el-16  el_after_av_textblock  avia-builder-el-last  animations_off avia-gallery-1'  itemprop=\"image\" itemscope=\"itemscope\" itemtype=\"https:\/\/schema.org\/ImageObject\" ><meta itemprop=\"contentURL\" content=\"https:\/\/www.domaene-wachau.at\/en\/visit\/estate-tour-wine-tasting\/\"><div class='avia-gallery-thumb'><a href=\"https:\/\/www.domaene-wachau.at\/wp-content\/uploads\/2020\/10\/20200831_DW-Verkostung_0054.jpg\" data-rel='gallery-1' data-prev-img='https:\/\/www.domaene-wachau.at\/wp-content\/uploads\/2020\/10\/20200831_DW-Verkostung_0054.jpg' class='first_thumb lightbox ' data-onclick='1' title='Kellerf\u00fchrung'  itemprop=\"thumbnailUrl\"  ><img decoding=\"async\" fetchpriority=\"high\" class=\"wp-image-44504 avia-img-lazy-loading-not-44504\"   src=\"https:\/\/www.domaene-wachau.at\/wp-content\/uploads\/2020\/10\/20200831_DW-Verkostung_0054.jpg\" width=\"1\" height=\"1\"  title='Kellerf\u00fchrung' alt='' \/><div class='big-prev-fake'><img decoding=\"async\" loading=\"lazy\" class=\"wp-image-44504 avia-img-lazy-loading-44504\"  width=\"1\" height=\"1\" src=\"https:\/\/www.domaene-wachau.at\/wp-content\/uploads\/2020\/10\/20200831_DW-Verkostung_0054.jpg\" title='Kellerf\u00fchrung' alt='' \/><\/div><\/a><a href=\"https:\/\/www.domaene-wachau.at\/wp-content\/uploads\/2020\/09\/20200831_DW-Verkostung_0091.jpg\" data-rel='gallery-1' data-prev-img='https:\/\/www.domaene-wachau.at\/wp-content\/uploads\/2020\/09\/20200831_DW-Verkostung_0091.jpg' class='lightbox ' data-onclick='2' title='DW-Kellerf\u00fchrung'  itemprop=\"thumbnailUrl\"  ><img decoding=\"async\" fetchpriority=\"high\" class=\"wp-image-44417 avia-img-lazy-loading-not-44417\"   src=\"https:\/\/www.domaene-wachau.at\/wp-content\/uploads\/2020\/09\/20200831_DW-Verkostung_0091.jpg\" width=\"1\" height=\"1\"  title='DW-Kellerf\u00fchrung' alt='' \/><div class='big-prev-fake'><img decoding=\"async\" loading=\"lazy\" class=\"wp-image-44417 avia-img-lazy-loading-44417\"  width=\"1\" height=\"1\" src=\"https:\/\/www.domaene-wachau.at\/wp-content\/uploads\/2020\/09\/20200831_DW-Verkostung_0091.jpg\" title='DW-Kellerf\u00fchrung' alt='' \/><\/div><\/a><a href=\"https:\/\/www.domaene-wachau.at\/wp-content\/uploads\/2020\/09\/20200831_DW-Verkostung_0060.jpg\" data-rel='gallery-1' data-prev-img='https:\/\/www.domaene-wachau.at\/wp-content\/uploads\/2020\/09\/20200831_DW-Verkostung_0060.jpg' class='lightbox ' data-onclick='3' title='DW-Kellerf\u00fchrung'  itemprop=\"thumbnailUrl\"  ><img decoding=\"async\" fetchpriority=\"high\" class=\"wp-image-44415 avia-img-lazy-loading-not-44415\"   src=\"https:\/\/www.domaene-wachau.at\/wp-content\/uploads\/2020\/09\/20200831_DW-Verkostung_0060.jpg\" width=\"1\" height=\"1\"  title='DW-Kellerf\u00fchrung' alt='' \/><div class='big-prev-fake'><img decoding=\"async\" loading=\"lazy\" class=\"wp-image-44415 avia-img-lazy-loading-44415\"  width=\"1\" height=\"1\" src=\"https:\/\/www.domaene-wachau.at\/wp-content\/uploads\/2020\/09\/20200831_DW-Verkostung_0060.jpg\" title='DW-Kellerf\u00fchrung' alt='' \/><\/div><\/a><a href=\"https:\/\/www.domaene-wachau.at\/wp-content\/uploads\/2020\/09\/20200831_DW-Verkostung_0135.jpg\" data-rel='gallery-1' data-prev-img='https:\/\/www.domaene-wachau.at\/wp-content\/uploads\/2020\/09\/20200831_DW-Verkostung_0135.jpg' class='lightbox ' data-onclick='4' title='DW-Kellerf\u00fchrung'  itemprop=\"thumbnailUrl\"  ><img decoding=\"async\" fetchpriority=\"high\" class=\"wp-image-44423 avia-img-lazy-loading-not-44423\"   src=\"https:\/\/www.domaene-wachau.at\/wp-content\/uploads\/2020\/09\/20200831_DW-Verkostung_0135.jpg\" width=\"1\" height=\"1\"  title='DW-Kellerf\u00fchrung' alt='' \/><div class='big-prev-fake'><img decoding=\"async\" loading=\"lazy\" class=\"wp-image-44423 avia-img-lazy-loading-44423\"  width=\"1\" height=\"1\" src=\"https:\/\/www.domaene-wachau.at\/wp-content\/uploads\/2020\/09\/20200831_DW-Verkostung_0135.jpg\" title='DW-Kellerf\u00fchrung' alt='' \/><\/div><\/a><a href=\"https:\/\/www.domaene-wachau.at\/wp-content\/uploads\/2020\/09\/20200831_DW-Verkostung_0017.jpg\" data-rel='gallery-1' data-prev-img='https:\/\/www.domaene-wachau.at\/wp-content\/uploads\/2020\/09\/20200831_DW-Verkostung_0017.jpg' class='lightbox ' data-onclick='5' title='DW-Verkostung'  itemprop=\"thumbnailUrl\"  ><img decoding=\"async\" fetchpriority=\"high\" class=\"wp-image-44411 avia-img-lazy-loading-not-44411\"   src=\"https:\/\/www.domaene-wachau.at\/wp-content\/uploads\/2020\/09\/20200831_DW-Verkostung_0017.jpg\" width=\"1\" height=\"1\"  title='DW-Verkostung' alt='' \/><div class='big-prev-fake'><img decoding=\"async\" loading=\"lazy\" class=\"wp-image-44411 avia-img-lazy-loading-44411\"  width=\"1\" height=\"1\" src=\"https:\/\/www.domaene-wachau.at\/wp-content\/uploads\/2020\/09\/20200831_DW-Verkostung_0017.jpg\" title='DW-Verkostung' alt='' \/><\/div><\/a><\/div><\/div><\/p><\/div>\n\n","protected":false},"excerpt":{"rendered":"","protected":false},"author":8447,"featured_media":0,"parent":4900,"menu_order":0,"comment_status":"closed","ping_status":"closed","template":"","meta":{"_acf_changed":false,"_tec_requires_first_save":true,"_price":"","_stock":"","_tribe_ticket_header":"","_tribe_default_ticket_provider":"","_tribe_ticket_capacity":"0","_ticket_start_date":"","_ticket_end_date":"","_tribe_ticket_show_description":"","_tribe_ticket_show_not_going":false,"_tribe_ticket_use_global_stock":"","_tribe_ticket_global_stock_level":"","_global_stock_mode":"","_global_stock_cap":"","_tribe_rsvp_for_event":"","_tribe_ticket_going_count":"","_tribe_ticket_not_going_count":"","_tribe_tickets_list":"[]","_tribe_ticket_has_attendee_info_fields":false,"_EventAllDay":false,"_EventTimezone":"","_EventStartDate":"","_EventEndDate":"","_EventStartDateUTC":"","_EventEndDateUTC":"","_EventShowMap":false,"_EventShowMapLink":false,"_EventURL":"","_EventCost":"","_EventCostDescription":"","_EventCurrencySymbol":"","_EventCurrencyCode":"","_EventCurrencyPosition":"","_EventDateTimeSeparator":"","_EventTimeRangeSeparator":"","_EventOrganizerID":[],"_EventVenueID":[],"_OrganizerEmail":"","_OrganizerPhone":"","_OrganizerWebsite":"","_VenueAddress":"","_VenueCity":"","_VenueCountry":"","_VenueProvince":"","_VenueState":"","_VenueZip":"","_VenuePhone":"","_VenueURL":"","_VenueStateProvince":"","_VenueLat":"","_VenueLng":"","_VenueShowMap":false,"_VenueShowMapLink":false,"_tribe_blocks_recurrence_rules":"","_tribe_blocks_recurrence_description":"","_tribe_blocks_recurrence_exclusions":"","footnotes":""},"class_list":["post-4573","page","type-page","status-publish","hentry"],"acf":[],"_links":{"self":[{"href":"https:\/\/www.domaene-wachau.at\/en\/wp-json\/wp\/v2\/pages\/4573","targetHints":{"allow":["GET"]}}],"collection":[{"href":"https:\/\/www.domaene-wachau.at\/en\/wp-json\/wp\/v2\/pages"}],"about":[{"href":"https:\/\/www.domaene-wachau.at\/en\/wp-json\/wp\/v2\/types\/page"}],"author":[{"embeddable":true,"href":"https:\/\/www.domaene-wachau.at\/en\/wp-json\/wp\/v2\/users\/8447"}],"replies":[{"embeddable":true,"href":"https:\/\/www.domaene-wachau.at\/en\/wp-json\/wp\/v2\/comments?post=4573"}],"version-history":[{"count":131,"href":"https:\/\/www.domaene-wachau.at\/en\/wp-json\/wp\/v2\/pages\/4573\/revisions"}],"predecessor-version":[{"id":76901,"href":"https:\/\/www.domaene-wachau.at\/en\/wp-json\/wp\/v2\/pages\/4573\/revisions\/76901"}],"up":[{"embeddable":true,"href":"https:\/\/www.domaene-wachau.at\/en\/wp-json\/wp\/v2\/pages\/4900"}],"wp:attachment":[{"href":"https:\/\/www.domaene-wachau.at\/en\/wp-json\/wp\/v2\/media?parent=4573"}],"curies":[{"name":"wp","href":"https:\/\/api.w.org\/{rel}","templated":true}]}}